{"id":21533,"date":"2025-01-30T11:52:49","date_gmt":"2025-01-30T11:52:49","guid":{"rendered":"https:\/\/www.copaeastur.org\/?page_id=21533"},"modified":"2025-01-30T11:52:49","modified_gmt":"2025-01-30T11:52:49","slug":"portal-de-transparencia","status":"publish","type":"page","link":"https:\/\/www.copaeastur.org\/es\/portal-de-transparencia\/","title":{"rendered":"Portal de transparencia"},"content":{"rendered":"<p><strong>DATOS DE INTER\u00c9S<\/strong><\/p>\n<ul>\n<li><strong>Denominaci\u00f3n social:\u00a0<\/strong>CONSEJO DE LA PRODUCCI\u00d3N AGRARIA ECOL\u00d3GICA DEL PRINCIPADO DE ASTURIAS (COPAE)<\/li>\n<li><strong>CIF<\/strong>: Q8350067H<\/li>\n<li><strong>Domicilio social:<\/strong>\u00a0AVDA PRUDENCIO GONZALEZ 81, 33424 \u2013 POSADA DE LLANERA (ASTURIAS)<\/li>\n<li><strong>Tel\u00e9fono<\/strong>: 985773558<\/li>\n<li><strong>Correo electr\u00f3nico a efectos de comunicaci\u00f3n<\/strong>:\u00a0<u>protecciondedatos@copaeastur.org<\/u><\/li>\n<\/ul>\n<p>&nbsp;<\/p>\n<p><strong>MEMORIA ANUAL DEL COPAE CON INFORMACI\u00d3N ECON\u00d3MICA Y PRESUPUESTARIA<\/strong><\/p>\n<p><a href=\"https:\/\/www.copaeastur.org\/wp-content\/uploads\/2024\/10\/Memoria-anual-COPAE-2023.pdf\">Memoria COPAE 2023<\/a><\/p>\n<p>&nbsp;<\/p>\n<p><strong>AUTORIZACI\u00d3N Y LEGITIMACI\u00d3N DE ACTIVIDAD<\/strong><\/p>\n<p>CONSEJO DE LA PRODUCCI\u00d3N AGRARIA ECOL\u00d3GICA DEL PRINCIPADO DE ASTURIAS (COPAE) es una entidad de gesti\u00f3n creada por la Consejer\u00eda competente en materia agraria, para conferirle la funci\u00f3n de realizar el control oficial de la producci\u00f3n ecol\u00f3gica. Dicha Consejer\u00eda tambi\u00e9n tambi\u00e9n es la encargada de su supervisi\u00f3n.<\/p>\n<p>El COPAE se regula mediante la <a href=\"https:\/\/www.copaeastur.org\/wp-content\/uploads\/2020\/11\/Ley_%202_2019.pdf\">Ley 2\/2019, de 1 de marzo, de calidad alimentaria, calidad diferenciada y venta directa de productos alimentarios<\/a> y la <a href=\"https:\/\/www.copaeastur.org\/wp-content\/uploads\/2020\/11\/Estatutos.pdf\">Resoluci\u00f3n de 30 de abril de 2020, de la Consejer\u00eda de Desarrollo Rural, Agroganader\u00eda y Pesca<\/a>, por la que se aprueban los estatutos del Consejo de la Producci\u00f3n Agraria Ecol\u00f3gica del Principado de Asturias.<\/p>\n","protected":false},"excerpt":{"rendered":"<p>DATOS DE INTER\u00c9S Denominaci\u00f3n social:\u00a0CONSEJO DE LA PRODUCCI\u00d3N AGRARIA ECOL\u00d3GICA DEL PRINCIPADO DE ASTURIAS (COPAE) CIF: Q8350067H Domicilio social:\u00a0AVDA PRUDENCIO GONZALEZ 81, 33424 \u2013 POSADA DE LLANERA (ASTURIAS) Tel\u00e9fono: 985773558 Correo electr\u00f3nico a efectos de comunicaci\u00f3n:\u00a0protecciondedatos@copaeastur.org &nbsp; MEMORIA ANUAL DEL COPAE CON INFORMACI\u00d3N ECON\u00d3MICA Y PRESUPUESTARIA Memoria COPAE 2023 &nbsp; AUTORIZACI\u00d3N Y LEGITIMACI\u00d3N DE ACTIVIDAD&#8230;<\/p>\n","protected":false},"author":5,"featured_media":0,"parent":0,"menu_order":0,"comment_status":"closed","ping_status":"closed","template":"","meta":[],"_links":{"self":[{"href":"https:\/\/www.copaeastur.org\/es\/wp-json\/wp\/v2\/pages\/21533"}],"collection":[{"href":"https:\/\/www.copaeastur.org\/es\/wp-json\/wp\/v2\/pages"}],"about":[{"href":"https:\/\/www.copaeastur.org\/es\/wp-json\/wp\/v2\/types\/page"}],"author":[{"embeddable":true,"href":"https:\/\/www.copaeastur.org\/es\/wp-json\/wp\/v2\/users\/5"}],"replies":[{"embeddable":true,"href":"https:\/\/www.copaeastur.org\/es\/wp-json\/wp\/v2\/comments?post=21533"}],"version-history":[{"count":1,"href":"https:\/\/www.copaeastur.org\/es\/wp-json\/wp\/v2\/pages\/21533\/revisions"}],"predecessor-version":[{"id":21534,"href":"https:\/\/www.copaeastur.org\/es\/wp-json\/wp\/v2\/pages\/21533\/revisions\/21534"}],"wp:attachment":[{"href":"https:\/\/www.copaeastur.org\/es\/wp-json\/wp\/v2\/media?parent=21533"}],"curies":[{"name":"wp","href":"https:\/\/api.w.org\/{rel}","templated":true}]}}