{"id":20309,"date":"2023-02-01T12:33:52","date_gmt":"2023-02-01T12:33:52","guid":{"rendered":"https:\/\/www.copaeastur.org\/?page_id=20309"},"modified":"2025-05-09T13:13:03","modified_gmt":"2025-05-09T13:13:03","slug":"ayudas_pac","status":"publish","type":"page","link":"https:\/\/www.copaeastur.org\/es\/ayudas_pac\/","title":{"rendered":"Ayudas PAC 2025 a la producci\u00f3n ecol\u00f3gica"},"content":{"rendered":"<p>[vc_row][vc_column][vc_column_text]<\/p>\n<h1 style=\"text-align: center;\">ANTIC\u00cdPATE A LA PAC<\/h1>\n<p>[\/vc_column_text][vc_empty_space height=\u00bb50px\u00bb][vc_row_inner content_width=\u00bbgrid\u00bb el_class=\u00bbdos_columnas\u00bb][vc_column_inner][vc_column_text]<\/p>\n<h3>INFORMACI\u00d3N SOBRE LAS BASES DE LAS AYUDAS A LA PRODUCCI\u00d3N ECOL\u00d3GICA PARA LA CAMPA\u00d1A 2025<\/h3>\n<p>Resumen no oficial de la convocatoria publicada en el BOPA de las ayudas a la agricultura ecol\u00f3gica, ganader\u00eda ecol\u00f3gica y apicultura ecol\u00f3gica, cuyo plazo de solicitud finaliza el 15 de mayo.<\/p>\n<p>&nbsp;<\/p>\n<p><strong>En la convocatoria de 2025 hay cambios respecto al per\u00edodo anterior, que se resumen en este <a href=\"https:\/\/www.copaeastur.org\/wp-content\/uploads\/2025\/05\/Ayudas-a-la-produccion-ecologica-PAC-2025-Definitivo.pdf\">TR\u00cdPTICO INFORMATIVO<\/a> y que se pueden consultar en la <a href=\"https:\/\/www.infosubvenciones.es\/bdnstrans\/GE\/es\/convocatorias\/825594\">ESTA RESOLUCI\u00d3N<\/a>.<\/strong><\/p>\n<p>&nbsp;<\/p>\n<p>Antes de realizar la solicitud con la declaraci\u00f3n de superficies y de marcar las parcelas por las que se solicita la ayuda por producci\u00f3n ecol\u00f3gica es necesario que se revisen bien los datos de los recintos y la superficie o n\u00famero de colmenas certificadas por el COPAE para que coincida con la solicitada.<\/p>\n<p>&nbsp;<\/p>\n<p>Desde la Consejer\u00eda de Medio Rural destacan el nivel alto de penalizaci\u00f3n por estas cuestiones como la sobredeclaraci\u00f3n, por lo que han editado este <a href=\"https:\/\/www.copaeastur.org\/wp-content\/uploads\/2024\/03\/triptico_ecologico_2024.pdf\" target=\"_blank\" rel=\"noopener\">OTRO TR\u00cdPTICO<\/a> que publicamos en nuestra p\u00e1gina web.<\/p>\n<p>&nbsp;<\/p>\n<p>Para evitar que haya muchas discrepancias entre la superficie certificada y la declarada, desde el COPAE se prev\u00e9 realizar una actualizaci\u00f3n de la superficie certificada con la versi\u00f3n de SIGPAC de la campa\u00f1a 2025 que nos facilitar\u00e1 la Consejer\u00eda de Medio Rural. No obstante, pueden seguir existiendo discrepancias debido a los m\u00faltiples cambios del SIGPAC, por lo que es imprescindible que cada solicitante revise bien su solicitud con el certificado del COPAE. En caso de detectar alg\u00fan error o en caso de que haya cambios en el SIGPAC o la explotaci\u00f3n como altas, bajas o modificaci\u00f3n de las superficies y de los cultivos tendr\u00e1 que comunicarlo al COPAE.<\/p>\n<p>&nbsp;<\/p>\n<p>En la <a href=\"https:\/\/copae.azurewebsites.net\/explotacion\/operadores.html\" target=\"_blank\" rel=\"noopener\">parte privada para operadores certificados de la p\u00e1gina web del COPAE<\/a>, a la que se puede acceder con el n\u00famero de operador y contrase\u00f1a, se pueden consultar en tiempo real los datos de SUPERFICIES y PRODUCCIONES certificadas por el COPAE, entre otras cosas. En el apartado de MAPAS tambi\u00e9n se pueden identificar las parcelas certificadas. Iremos realizando distintas actualizaciones en el visor SIG del COPAE durante la campa\u00f1a de la PAC.<\/p>\n<p>&nbsp;<\/p>\n<p>Recomendamos que en la solicitud de las ayudas se marque la casilla que autoriza a la Consejer\u00eda a pedir al COPAE los datos de la certificaci\u00f3n. El certificado del COPAE se ir\u00e1 actualizando con sello electr\u00f3nico y estar\u00e1 disponible en la ficha del operador del directorio p\u00fablico de la p\u00e1gina web <a href=\"https:\/\/www.copaeastur.org\/es\/directorio\/\" target=\"_blank\" rel=\"noopener\">Directorio \u2013 COPAE.<\/a>[\/vc_column_text][vc_empty_space height=\u00bb40px\u00bb][vc_single_image image=\u00bb21746&#8243; img_size=\u00bblarge\u00bb alignment=\u00bbcenter\u00bb onclick=\u00bblink_image\u00bb][vc_single_image image=\u00bb21738&#8243; img_size=\u00bblarge\u00bb alignment=\u00bbcenter\u00bb onclick=\u00bblink_image\u00bb][\/vc_column_inner][\/vc_row_inner][vc_empty_space height=\u00bb40px\u00bb][\/vc_column][\/vc_row]<\/p>\n","protected":false},"excerpt":{"rendered":"<p>[vc_row][vc_column][vc_column_text] ANTIC\u00cdPATE A LA PAC [\/vc_column_text][vc_empty_space height=\u00bb50px\u00bb][vc_row_inner content_width=\u00bbgrid\u00bb el_class=\u00bbdos_columnas\u00bb][vc_column_inner][vc_column_text] INFORMACI\u00d3N SOBRE LAS BASES DE LAS AYUDAS A LA PRODUCCI\u00d3N ECOL\u00d3GICA PARA LA CAMPA\u00d1A 2025 Resumen no oficial de la convocatoria publicada en el BOPA de las ayudas a la agricultura ecol\u00f3gica, ganader\u00eda ecol\u00f3gica y apicultura ecol\u00f3gica, cuyo plazo de solicitud finaliza el 15 de mayo&#8230;.<\/p>\n","protected":false},"author":5,"featured_media":0,"parent":0,"menu_order":0,"comment_status":"closed","ping_status":"closed","template":"","meta":[],"_links":{"self":[{"href":"https:\/\/www.copaeastur.org\/es\/wp-json\/wp\/v2\/pages\/20309"}],"collection":[{"href":"https:\/\/www.copaeastur.org\/es\/wp-json\/wp\/v2\/pages"}],"about":[{"href":"https:\/\/www.copaeastur.org\/es\/wp-json\/wp\/v2\/types\/page"}],"author":[{"embeddable":true,"href":"https:\/\/www.copaeastur.org\/es\/wp-json\/wp\/v2\/users\/5"}],"replies":[{"embeddable":true,"href":"https:\/\/www.copaeastur.org\/es\/wp-json\/wp\/v2\/comments?post=20309"}],"version-history":[{"count":74,"href":"https:\/\/www.copaeastur.org\/es\/wp-json\/wp\/v2\/pages\/20309\/revisions"}],"predecessor-version":[{"id":21785,"href":"https:\/\/www.copaeastur.org\/es\/wp-json\/wp\/v2\/pages\/20309\/revisions\/21785"}],"wp:attachment":[{"href":"https:\/\/www.copaeastur.org\/es\/wp-json\/wp\/v2\/media?parent=20309"}],"curies":[{"name":"wp","href":"https:\/\/api.w.org\/{rel}","templated":true}]}}