{"id":17203,"date":"2018-11-22T09:45:50","date_gmt":"2018-11-22T09:45:50","guid":{"rendered":"http:\/\/copae.local\/?page_id=17203"},"modified":"2026-03-31T07:59:45","modified_gmt":"2026-03-31T07:59:45","slug":"copae","status":"publish","type":"page","link":"https:\/\/www.copaeastur.org\/es\/copae\/","title":{"rendered":"COPAE"},"content":{"rendered":"<p>[vc_row][vc_column][vc_column_text]<\/p>\n<h1 style=\"text-align: center;\">\u00bfQui\u00e9nes Somos?<\/h1>\n<p>[\/vc_column_text][vc_empty_space height=\u00bb50px\u00bb][vc_row_inner content_width=\u00bbgrid\u00bb el_class=\u00bbdos_columnas\u00bb][vc_column_inner width=\u00bb1\/2&#8243;][vc_column_text]<\/p>\n<h3>Consejo de la Producci\u00f3n Agraria Ecol\u00f3gica del Principado de Asturias (COPAE)<\/h3>\n<p>El <strong>Consejo de la Producci\u00f3n Agraria Ecol\u00f3gica del Principado de Asturias (COPAE)<\/strong> es una entidad de gesti\u00f3n creada por la Consejer\u00eda competente en materia agraria, para conferirle la funci\u00f3n de realizar el control oficial de la producci\u00f3n ecol\u00f3gica.<\/p>\n<p>El COPAE se regula mediante la <a href=\"https:\/\/www.copaeastur.org\/wp-content\/uploads\/2020\/11\/Ley_%202_2019.pdf\">Ley 2\/2019, de 1 de marzo, de calidad alimentaria, calidad diferenciada y venta directa de productos alimentarios<\/a> y la\u00a0<a href=\"https:\/\/www.copaeastur.org\/wp-content\/uploads\/2020\/11\/Estatutos.pdf\">Resoluci\u00f3n de 30 de abril de 2020, de la Consejer\u00eda de Desarrollo Rural, Agroganader\u00eda y Pesca, por la que se aprueban los estatutos del Consejo de la Producci\u00f3n Agraria Ecol\u00f3gica del Principado de Asturias<\/a>.[\/vc_column_text][vc_empty_space height=\u00bb50px\u00bb][\/vc_column_inner][vc_column_inner width=\u00bb1\/2&#8243;][vc_single_image image=\u00bb17211&#8243; img_size=\u00bbfull\u00bb alignment=\u00bbcenter\u00bb][vc_empty_space height=\u00bb50px\u00bb][\/vc_column_inner][\/vc_row_inner][vc_row_inner content_width=\u00bbgrid\u00bb el_class=\u00bbdos_columnas\u00bb][vc_column_inner width=\u00bb1\/2&#8243;][vc_single_image image=\u00bb17212&#8243; img_size=\u00bbfull\u00bb alignment=\u00bbcenter\u00bb][vc_empty_space height=\u00bb50px\u00bb][\/vc_column_inner][vc_column_inner width=\u00bb1\/2&#8243;][vc_column_text]<\/p>\n<h3>Organigrama (COPAE)<\/h3>\n<p>El \u00f3rgano de gobierno del COPAE es el Pleno del Consejo, en el que est\u00e1n representados los productores, elaboradores, consumidores y la administraci\u00f3n del Principado de Asturias.<\/p>\n<p>Su funcionamiento se regula mediante un Reglamento de R\u00e9gimen Interno, aprobado por el Pleno del Consejo.<\/p>\n<p><i class=\"fa fa-file-pdf-o\" aria-hidden=\"true\"><\/i> <a href=\"https:\/\/www.copaeastur.org\/wp-content\/uploads\/2026\/01\/organigrama-COPAE-26-01-27.pdf\">Organigrama del COPAE.<\/a>[\/vc_column_text][vc_empty_space height=\u00bb100px\u00bb][\/vc_column_inner][\/vc_row_inner][\/vc_column][\/vc_row][vc_row css=\u00bb.vc_custom_1542885407553{background-color: #d7eabf !important;}\u00bb][vc_column][vc_empty_space height=\u00bb80px\u00bb][vc_column_text]<\/p>\n<h2 style=\"text-align: center;\">Funciones del COPAE<\/h2>\n<p>[\/vc_column_text][vc_empty_space height=\u00bb50px\u00bb][vc_row_inner content_width=\u00bbgrid\u00bb el_class=\u00bbdos_columnas\u00bb][vc_column_inner width=\u00bb1\/2&#8243;][vc_column_text]<\/p>\n<h3>La funci\u00f3n principal del COPAE es el control y la certificaci\u00f3n de la producci\u00f3n ecol\u00f3gica<\/h3>\n<p>Pero tambi\u00e9n tiene asignadas otras funciones p\u00fablicas, como la<strong> gesti\u00f3n del registro<\/strong> de operadores ecol\u00f3gicos, velar por el <strong>cumplimiento de las normas<\/strong> de producci\u00f3n ecol\u00f3gica, <strong>promover<\/strong> el consumo de alimentos ecol\u00f3gicos y realizar la <strong>difusi\u00f3n<\/strong> y el conocimiento de los sistemas de producci\u00f3n ecol\u00f3gica.[\/vc_column_text][vc_empty_space height=\u00bb50px\u00bb][\/vc_column_inner][vc_column_inner width=\u00bb1\/2&#8243;][vc_single_image image=\u00bb17689&#8243; img_size=\u00bbfull\u00bb alignment=\u00bbcenter\u00bb][\/vc_column_inner][\/vc_row_inner][vc_empty_space height=\u00bb100px\u00bb][\/vc_column][\/vc_row][vc_row][vc_column][vc_empty_space height=\u00bb80px\u00bb][vc_column_text]<\/p>\n<h2 style=\"text-align: center;\">Registros<\/h2>\n<p>[\/vc_column_text][vc_empty_space height=\u00bb50px\u00bb][vc_row_inner content_width=\u00bbgrid\u00bb el_class=\u00bbuna_columna\u00bb][vc_column_inner][vc_column_text]El COPAE controla las normas de producci\u00f3n ecol\u00f3gica en todas las fases de producci\u00f3n, transformaci\u00f3n y comercializaci\u00f3n de productos ecol\u00f3gicos. Por ello, el COPAE es el responsable de gestionar los siguientes registros de operadores:[\/vc_column_text][\/vc_column_inner][\/vc_row_inner][vc_empty_space height=\u00bb50px\u00bb][vc_row_inner content_width=\u00bbgrid\u00bb el_class=\u00bbtres_columnas\u00bb][vc_column_inner width=\u00bb1\/3&#8243;][vc_single_image image=\u00bb17244&#8243; img_size=\u00bbfull\u00bb alignment=\u00bbcenter\u00bb][vc_column_text]<\/p>\n<h3>Productores<\/h3>\n<p>Para las producciones agr\u00edcolas, ganaderas o de acuicultura.[\/vc_column_text][vc_empty_space height=\u00bb50px\u00bb][\/vc_column_inner][vc_column_inner width=\u00bb1\/3&#8243;][vc_single_image image=\u00bb17242&#8243; img_size=\u00bbfull\u00bb alignment=\u00bbcenter\u00bb][vc_column_text]<\/p>\n<h3>Elaboradores<\/h3>\n<p>Para las empresas que procesan, transforman o distribuyen.[\/vc_column_text][vc_empty_space height=\u00bb50px\u00bb][\/vc_column_inner][vc_column_inner width=\u00bb1\/3&#8243;][vc_single_image image=\u00bb17243&#8243; img_size=\u00bbfull\u00bb alignment=\u00bbcenter\u00bb][vc_column_text]<\/p>\n<h3>Importadores<\/h3>\n<p>Para la actividad de importaci\u00f3n de pa\u00edses terceros.[\/vc_column_text][vc_empty_space height=\u00bb50px\u00bb][\/vc_column_inner][\/vc_row_inner][vc_row_inner content_width=\u00bbgrid\u00bb el_class=\u00bbtres_columnas\u00bb][vc_column_inner width=\u00bb1\/3&#8243;][vc_single_image image=\u00bb17241&#8243; img_size=\u00bbfull\u00bb alignment=\u00bbcenter\u00bb][vc_column_text]<\/p>\n<h3>Comercios minoristas<\/h3>\n<p>Para aquellas tiendas que manipulan productos ecol\u00f3gicos o realizan la venta a granel o de forma fraccionada al consumidor o usuario final.[\/vc_column_text][vc_empty_space height=\u00bb50px\u00bb][\/vc_column_inner][vc_column_inner width=\u00bb1\/3&#8243;][vc_single_image image=\u00bb17246&#8243; img_size=\u00bbfull\u00bb alignment=\u00bbcenter\u00bb][vc_column_text]<\/p>\n<h3>Establecimientos de restauraci\u00f3n<\/h3>\n<p>Para garantizar el origen de los productos ecol\u00f3gicos, el COPAE ofrece la posibilidad de establecer acuerdos de colaboraci\u00f3n con las empresas de restauraci\u00f3n colectiva y crea un nuevo registro para el control de restaurantes o empresas de restauraci\u00f3n colectiva que elaboran men\u00fas o platos con ingredientes ecol\u00f3gicos.[\/vc_column_text][vc_empty_space height=\u00bb50px\u00bb][\/vc_column_inner][vc_column_inner width=\u00bb1\/3&#8243;][vc_single_image image=\u00bb17245&#8243; img_size=\u00bbfull\u00bb alignment=\u00bbcenter\u00bb][vc_column_text]<\/p>\n<h3>REGOE<\/h3>\n<p>A nivel nacional, existe un registro general de operadores de operadores ecol\u00f3gicos (REGOE), que se puede consultar en la p\u00e1gina web del Ministerio de Agricultura.<\/p>\n<p><a href=\"https:\/\/servicio.mapama.gob.es\/regoe\/Publica\/Operadores.aspx\">Acceso al REGOE<\/a>[\/vc_column_text][vc_empty_space height=\u00bb50px\u00bb][\/vc_column_inner][\/vc_row_inner][vc_empty_space height=\u00bb100px\u00bb][\/vc_column][\/vc_row][vc_row css=\u00bb.vc_custom_1542886368190{background-color: #e5e8ea !important;}\u00bb][vc_column][vc_empty_space height=\u00bb80px\u00bb][vc_column_text]<\/p>\n<h2 style=\"text-align: center;\">Estad\u00edsticas<\/h2>\n<p>[\/vc_column_text][vc_empty_space height=\u00bb50px\u00bb][vc_row_inner content_width=\u00bbgrid\u00bb el_class=\u00bbdos_columnas\u00bb][vc_column_inner width=\u00bb1\/2&#8243;][vc_column_text]<\/p>\n<h3>Resultados en cifras<\/h3>\n<p>El COPAE extrae anualmente los datos de la producci\u00f3n ecol\u00f3gica. La informaci\u00f3n incluye el n\u00famero de operadores por actividades, la superficie inscrita por cultivos, las producciones ganaderas o los tipos de industrias, entre otros.<\/p>\n<p>Puede consultar las estad\u00edsticas desde el a\u00f1o 2001, tanto de Asturias como del resto de comunidades de Espa\u00f1a, en la p\u00e1gina web del Ministerio de Agricultura Pesca y Alimentaci\u00f3n.<\/p>\n<p>Consulta de <em>informes anuales<\/em>:<\/p>\n<p><i class=\"fa fa-eye\" aria-hidden=\"true\"><\/i> <a href=\"https:\/\/www.mapa.gob.es\/es\/alimentacion\/temas\/produccion-eco\/\">Ver estad\u00edsticas<\/a>[\/vc_column_text][vc_empty_space height=\u00bb50px\u00bb][\/vc_column_inner][vc_column_inner width=\u00bb1\/2&#8243;][vc_single_image image=\u00bb17925&#8243; img_size=\u00bbfull\u00bb alignment=\u00bbcenter\u00bb][\/vc_column_inner][\/vc_row_inner][vc_empty_space height=\u00bb100px\u00bb][\/vc_column][\/vc_row][vc_row][vc_column][vc_empty_space height=\u00bb80px\u00bb][vc_column_text]<\/p>\n<h2 style=\"text-align: center;\">Cuotas<\/h2>\n<p>[\/vc_column_text][vc_empty_space height=\u00bb50px\u00bb][vc_row_inner content_width=\u00bbgrid\u00bb el_class=\u00bbdos_columnas\u00bb][vc_column_inner width=\u00bb1\/2&#8243;][vc_single_image image=\u00bb17928&#8243; img_size=\u00bbfull\u00bb alignment=\u00bbcenter\u00bb][vc_empty_space height=\u00bb50px\u00bb][\/vc_column_inner][vc_column_inner width=\u00bb1\/2&#8243;][vc_column_text el_id=\u00bbcuotas-COPAE\u00bb]<\/p>\n<h3>Con car\u00e1cter p\u00fablico y sin \u00e1nimo de lucro<\/h3>\n<p>Una de las obligaciones que establece la normativa europea de producci\u00f3n ecol\u00f3gica es la contribuci\u00f3n de los operadores a los costes de control. Por ello, el COPAE establece <strong>diferentes cuotas de inscripci\u00f3n y mantenimiento en los registros<\/strong>, seg\u00fan cada tipo de operadores y actividades certificadas. <a href=\"https:\/\/www.copaeastur.org\/wp-content\/uploads\/2025\/05\/Cuotas-COPAE-2025-aprobadas-mayo-2025.pdf\">Las cuotas actualizadas en 2026 pueden consultarse aqu\u00ed.<\/a><\/p>\n<p>El COPAE es una entidad de gesti\u00f3n <strong>con car\u00e1cter p\u00fablico y sin \u00e1nimo de lucro<\/strong>. Los ingresos procedentes de las tasas de los operadores se destinan a <strong>financiar parte de los gastos de control y de funcionamiento, as\u00ed como parte de los gastos de promoci\u00f3n de la producci\u00f3n ecol\u00f3gica.<\/strong><\/p>\n<p>Al tratarse de funciones p\u00fablicas conferidas por la administraci\u00f3n, el COPAE tambi\u00e9n <strong>se financia mediante ayudas de la Consejer\u00eda competente en materia agraria.<\/strong>[\/vc_column_text][\/vc_column_inner][\/vc_row_inner][vc_empty_space height=\u00bb100px\u00bb][\/vc_column][\/vc_row][vc_row css=\u00bb.vc_custom_1542886368190{background-color: #e5e8ea !important;}\u00bb][vc_column][vc_empty_space height=\u00bb80px\u00bb][vc_column_text]<\/p>\n<h2 style=\"text-align: center;\">Normativa<\/h2>\n<p>[\/vc_column_text][vc_empty_space height=\u00bb50px\u00bb][vc_row_inner content_width=\u00bbgrid\u00bb el_class=\u00bbdos_columnas\u00bb][vc_column_inner width=\u00bb1\/2&#8243;][vc_column_text]<strong>La producci\u00f3n ecol\u00f3gica se regula a nivel europeo<\/strong>. Puede consultar toda la legislaci\u00f3n actualizada sobre la producci\u00f3n ecol\u00f3gica, tanto nacional como europea, la p\u00e1gina web del Ministerio de Agricultura.<\/p>\n<p><a href=\"https:\/\/www.mapa.gob.es\/es\/alimentacion\/temas\/produccion-eco\/legislacion-directrices\/default.aspx\">Consultar normativa europea y nacional<\/a><\/p>\n<p><strong>En Asturias<\/strong>, los documentos normativos son los siguientes:<\/p>\n<p><a href=\"\/wp-content\/uploads\/2020\/11\/Ley_ 2_2019.pdf\" target=\"_blank\" rel=\"noopener noreferrer\"><i class=\"fa fa-file-pdf-o\" aria-hidden=\"true\"><\/i> Ley 2\/2019, de 1 de marzo, de calidad alimentaria, calidad diferenciada y venta directa de productos alimentarios.<\/a><\/p>\n<p><a href=\"\/wp-content\/uploads\/2020\/11\/Estatutos.pdf\" target=\"_blank\" rel=\"noopener noreferrer\"><i class=\"fa fa-file-pdf-o\" aria-hidden=\"true\"><\/i> Resoluci\u00f3n de 30 de abril de 2020, de la Consejer\u00eda de Desarrollo Rural, Agroganader\u00eda y Pesca, por la que se aprueban los estatutos del Consejo de la Producci\u00f3n Agraria Ecol\u00f3gica del Principado de Asturias.<\/a><\/p>\n<p><a href=\"https:\/\/www.copaeastur.org\/wp-content\/uploads\/2024\/10\/Reglamento-de-Regimen-Interno-del-COPAE.-Aprobado-26-de-septiembre-de-2024.pdf\">Reglamento de r\u00e9gimen interno del COPAE aprobado el 26 de septiembre de 2024.<\/a><\/p>\n<p><a href=\"https:\/\/www.mapa.gob.es\/es\/alimentacion\/temas\/produccion-eco\/legislacion-directrices\/\">Cat\u00e1logo de medidas aplicables en caso de incumplimientos en materia de producci\u00f3n ecol\u00f3gica<\/a><\/p>\n<p><a href=\"https:\/\/www.copaeastur.org\/wp-content\/uploads\/2022\/10\/tiendas.pdf\"><i class=\"fa fa-file-pdf-o\" aria-hidden=\"true\"><\/i> Resoluci\u00f3n sobre la exenci\u00f3n de determinados comercios minoristas<\/a>[\/vc_column_text][\/vc_column_inner][vc_column_inner width=\u00bb1\/2&#8243;][vc_single_image image=\u00bb17932&#8243; img_size=\u00bbfull\u00bb alignment=\u00bbcenter\u00bb][\/vc_column_inner][\/vc_row_inner][vc_empty_space height=\u00bb100px\u00bb][\/vc_column][\/vc_row][vc_row][vc_column][vc_empty_space height=\u00bb80px\u00bb][vc_column_text]<\/p>\n<h2 style=\"text-align: center;\">Memoria<\/h2>\n<p>[\/vc_column_text][vc_empty_space height=\u00bb50px\u00bb][vc_row_inner content_width=\u00bbgrid\u00bb el_class=\u00bbdos_columnas\u00bb][vc_column_inner width=\u00bb1\/2&#8243;][vc_single_image image=\u00bb21824&#8243; img_size=\u00bbfull\u00bb alignment=\u00bbcenter\u00bb][vc_empty_space height=\u00bb50px\u00bb][\/vc_column_inner][vc_column_inner width=\u00bb1\/2&#8243;][vc_column_text]En la memoria anual del COPAE se <strong>recoge el resumen de todas las actividades del consejo a lo largo del a\u00f1o<\/strong>: desde el n\u00famero de controles realizados y el resultado del control oficial hasta la exposici\u00f3n de todas las acciones de promoci\u00f3n y comunicaci\u00f3n y las apariciones en la prensa. Adem\u00e1s, tambi\u00e9n plasma la situaci\u00f3n actual y evoluci\u00f3n del sector a trav\u00e9s de las estad\u00edsticas de superficie y n\u00famero de operadores inscritos en Asturias.<\/p>\n<p><a href=\"https:\/\/www.copaeastur.org\/wp-content\/uploads\/2025\/06\/memoria-2024_v4-1.pdf\" target=\"_blank\" rel=\"noopener\">MEMORIA ANUAL 2024 DEL COPAE<\/a><\/p>\n<p><a href=\"https:\/\/www.copaeastur.org\/wp-content\/uploads\/2024\/10\/Memoria-anual-COPAE-2023.pdf\" target=\"_blank\" rel=\"noopener\">MEMORIA ANUAL 2023 DEL COPAE<\/a>[\/vc_column_text][\/vc_column_inner][\/vc_row_inner][vc_empty_space height=\u00bb100px\u00bb][\/vc_column][\/vc_row][vc_row][vc_column][\/vc_column][\/vc_row]<\/p>\n","protected":false},"excerpt":{"rendered":"<p>[vc_row][vc_column][vc_column_text] \u00bfQui\u00e9nes Somos? [\/vc_column_text][vc_empty_space height=\u00bb50px\u00bb][vc_row_inner content_width=\u00bbgrid\u00bb el_class=\u00bbdos_columnas\u00bb][vc_column_inner width=\u00bb1\/2&#8243;][vc_column_text] Consejo de la Producci\u00f3n Agraria Ecol\u00f3gica del Principado de Asturias (COPAE) El Consejo de la Producci\u00f3n Agraria Ecol\u00f3gica del Principado de Asturias (COPAE) es una entidad de gesti\u00f3n creada por la Consejer\u00eda competente en materia agraria, para conferirle la funci\u00f3n de realizar el control oficial de la&#8230;<\/p>\n","protected":false},"author":1,"featured_media":0,"parent":0,"menu_order":0,"comment_status":"closed","ping_status":"closed","template":"full-width.php","meta":[],"_links":{"self":[{"href":"https:\/\/www.copaeastur.org\/es\/wp-json\/wp\/v2\/pages\/17203"}],"collection":[{"href":"https:\/\/www.copaeastur.org\/es\/wp-json\/wp\/v2\/pages"}],"about":[{"href":"https:\/\/www.copaeastur.org\/es\/wp-json\/wp\/v2\/types\/page"}],"author":[{"embeddable":true,"href":"https:\/\/www.copaeastur.org\/es\/wp-json\/wp\/v2\/users\/1"}],"replies":[{"embeddable":true,"href":"https:\/\/www.copaeastur.org\/es\/wp-json\/wp\/v2\/comments?post=17203"}],"version-history":[{"count":109,"href":"https:\/\/www.copaeastur.org\/es\/wp-json\/wp\/v2\/pages\/17203\/revisions"}],"predecessor-version":[{"id":22291,"href":"https:\/\/www.copaeastur.org\/es\/wp-json\/wp\/v2\/pages\/17203\/revisions\/22291"}],"wp:attachment":[{"href":"https:\/\/www.copaeastur.org\/es\/wp-json\/wp\/v2\/media?parent=17203"}],"curies":[{"name":"wp","href":"https:\/\/api.w.org\/{rel}","templated":true}]}}