{"id":13079,"date":"2017-03-28T07:10:02","date_gmt":"2017-03-28T07:10:02","guid":{"rendered":"http:\/\/goodwish.edge-themes.com\/?page_id=13079"},"modified":"2025-05-15T08:27:50","modified_gmt":"2025-05-15T08:27:50","slug":"fundraising-home","status":"publish","type":"page","link":"https:\/\/www.copaeastur.org\/es\/","title":{"rendered":"Inicio"},"content":{"rendered":"<p>[vc_row content_width=\u00bbgrid\u00bb][vc_column offset=\u00bbvc_hidden-xs\u00bb][rev_slider_vc alias=\u00bbcast-alimentando-el-futuro-de-asturias\u00bb][\/vc_column][\/vc_row][vc_row content_width=\u00bbgrid\u00bb][vc_column offset=\u00bbvc_hidden-lg vc_hidden-md vc_hidden-sm\u00bb][rev_slider_vc alias=\u00bbcast-movil-alimentando-el-futuro-de-asturias\u00bb][\/vc_column][\/vc_row][vc_row content_width=\u00bbgrid\u00bb css=\u00bb.vc_custom_1542811730149{padding-top: 80px !important;padding-bottom: 70px !important;}\u00bb][vc_column width=\u00bb3\/4&#8243; el_class=\u00bbbloque_principal\u00bb][vc_row_inner][vc_column_inner width=\u00bb1\/3&#8243;][vc_column_text]<\/p>\n<div class=\"edgtf-banner\">\n<div class=\"edgtf-banner-image\"><img decoding=\"async\" src=\"\/wp-content\/uploads\/2018\/11\/consumidores.jpg\" alt=\"\" \/><\/div>\n<div class=\"edgtf-banner-text-holder\">\n<div class=\"edgtf-banner-text-table\">\n<div class=\"edgtf-banner-text-cell\"><a class=\"edgtf-banner-read-more flecha\" style=\"color: #333333;\" href=\"\/es\/guia-del-consumidor\/#donde\" target=\"_self\" rel=\"noopener noreferrer\"><strong style=\"font-size: 19px; color: #fff; font-family: Merriweather,serif;\">Consumidores<\/strong><\/a><br \/>\n<a class=\"edgtf-banner-read-more\" style=\"color: #333333;\" href=\"\/es\/guia-del-consumidor\/#donde\" target=\"_self\" rel=\"noopener noreferrer\">Descubre los alimentos BIO.<\/a><\/div>\n<\/div>\n<\/div>\n<\/div>\n<p>[\/vc_column_text][\/vc_column_inner][vc_column_inner width=\u00bb1\/3&#8243;][vc_column_text]<\/p>\n<div class=\"edgtf-banner\">\n<div class=\"edgtf-banner-image\"><img decoding=\"async\" src=\"\/wp-content\/uploads\/2018\/11\/certificate.jpg\" alt=\"\" \/><\/div>\n<div class=\"edgtf-banner-text-holder\">\n<div class=\"edgtf-banner-text-table\">\n<div class=\"edgtf-banner-text-cell\"><a class=\"edgtf-banner-read-more flecha\" style=\"color: #333333;\" href=\"\/es\/certificate\/#tramitacion\" target=\"_self\" rel=\"noopener noreferrer\"><strong style=\"font-size: 19px; color: #fff; font-family: Merriweather,serif;\">Certif\u00edcate<\/strong><\/a><br \/>\n<a class=\"edgtf-banner-read-more\" style=\"color: #333333;\" href=\"\/es\/certificate\/#tramitacion\" target=\"_self\" rel=\"noopener noreferrer\">Para producir y comercializar ECO<\/a><\/div>\n<\/div>\n<\/div>\n<\/div>\n<p>[\/vc_column_text][\/vc_column_inner][vc_column_inner width=\u00bb1\/3&#8243;][vc_column_text]<\/p>\n<div class=\"edgtf-banner\">\n<div class=\"edgtf-banner-image\"><img decoding=\"async\" src=\"\/wp-content\/uploads\/2018\/11\/directorio.jpg\" alt=\"\" \/><\/div>\n<div class=\"edgtf-banner-text-holder\">\n<div class=\"edgtf-banner-text-table\">\n<div class=\"edgtf-banner-text-cell\"><a class=\"edgtf-banner-read-more flecha\" style=\"color: #333333;\" href=\"\/es\/productores\/\" target=\"_self\" rel=\"noopener noreferrer\"><strong style=\"font-size: 19px; color: #fff; font-family: Merriweather,serif;\">Directorio<\/strong><\/a><br \/>\n<a class=\"edgtf-banner-read-more\" style=\"color: #333333;\" href=\"\/es\/productores\/\" target=\"_self\" rel=\"noopener noreferrer\">Operadores y productos certificados.<\/a><\/div>\n<\/div>\n<\/div>\n<\/div>\n<p>[\/vc_column_text][\/vc_column_inner][\/vc_row_inner][vc_empty_space height=\u00bb60px\u00bb][vc_row_inner][vc_column_inner][vc_column_text]<\/p>\n<h2 style=\"text-align: center;\">La producci\u00f3n ecol\u00f3gica en Asturias<\/h2>\n<p>[\/vc_column_text][vc_empty_space height=\u00bb30px\u00bb][rev_slider_vc alias=\u00bbhome-1&#8243;][\/vc_column_inner][\/vc_row_inner][vc_row_inner el_class=\u00bbentradas_home\u00bb css=\u00bb.vc_custom_1545925490703{margin-top: 40px !important;}\u00bb][vc_column_inner][vc_empty_space height=\u00bb60px\u00bb][vc_column_text]<\/p>\n<h2 style=\"text-align: center;\">Noticias del sector<\/h2>\n<p>[\/vc_column_text][vc_empty_space height=\u00bb30px\u00bb]<div class=\"edgtf-blog-list-holder edgtf-boxes edgtf-three-columns \">\n\t<ul class=\"edgtf-blog-list\">\n\t<li class=\"edgtf-blog-list-item clearfix\">\n\t<div class=\"edgtf-blog-list-item-inner\">\n\t\t<div class=\"edgtf-item-image\">\n\t\t\t<a itemprop=\"url\" href=\"https:\/\/www.copaeastur.org\/es\/el-ies-posada-de-llanera-y-el-cp-san-jose-de-calasanz-refuerzan-su-colaboracion-educativa-a-traves-del-huerto-escolar-ecologico\/\">\n\t\t\t\t<img width=\"1600\" height=\"900\" src=\"https:\/\/www.copaeastur.org\/wp-content\/uploads\/2026\/04\/WhatsApp-Image-2026-04-13-at-11.13.05-1.jpeg\" class=\"attachment-full size-full wp-post-image\" alt=\"\" decoding=\"async\" loading=\"lazy\" srcset=\"https:\/\/www.copaeastur.org\/wp-content\/uploads\/2026\/04\/WhatsApp-Image-2026-04-13-at-11.13.05-1.jpeg 1600w, https:\/\/www.copaeastur.org\/wp-content\/uploads\/2026\/04\/WhatsApp-Image-2026-04-13-at-11.13.05-1-300x169.jpeg 300w, https:\/\/www.copaeastur.org\/wp-content\/uploads\/2026\/04\/WhatsApp-Image-2026-04-13-at-11.13.05-1-1024x576.jpeg 1024w, https:\/\/www.copaeastur.org\/wp-content\/uploads\/2026\/04\/WhatsApp-Image-2026-04-13-at-11.13.05-1-768x432.jpeg 768w, https:\/\/www.copaeastur.org\/wp-content\/uploads\/2026\/04\/WhatsApp-Image-2026-04-13-at-11.13.05-1-1536x864.jpeg 1536w\" sizes=\"(max-width: 1600px) 100vw, 1600px\" \/>\t\t\t<\/a>\n\t\t<\/div>\n\t\t<div class=\"edgtf-item-text-holder\" style=\"background-color:#ffffff;\">\n\t\t\t<h3 itemprop=\"name\" class=\"edgtf-item-title entry-title\">\n\t\t\t\t<a itemprop=\"url\" href=\"https:\/\/www.copaeastur.org\/es\/el-ies-posada-de-llanera-y-el-cp-san-jose-de-calasanz-refuerzan-su-colaboracion-educativa-a-traves-del-huerto-escolar-ecologico\/\" >\n\t\t\t\t\tEl IES Posada de Llanera y el CP San Jos\u00e9 de Calasanz refuerzan su colaboraci\u00f3n educativa a trav\u00e9s del huerto escolar ecol\u00f3gico\t\t\t\t<\/a>\n\t\t\t<\/h3>\n\n\t\t\t<div class=\"edgtf-item-info-section\">\n\t\t\t\t<div class=\"edgtf-post-info-author\">por\t<a itemprop=\"author\" class=\"edgtf-post-info-author-link\" href=\"https:\/\/www.copaeastur.org\/es\/author\/admincopae2019\/\">\n\t\tCOPAE\t<\/a>\n<\/div><div class=\"edgtf-post-info-category\">\n\t<a href=\"https:\/\/www.copaeastur.org\/es\/category\/actualidad\/\" rel=\"category tag\">Actualidad<\/a><\/div><div itemprop=\"dateCreated\" class=\"edgtf-post-info-date entry-date updated\">\n\t\t\t13 abril, 2026\t    <meta itemprop=\"interactionCount\" content=\"UserComments: 0\"\/>\n<\/div>\t\t\t<\/div>\n\n\t\t\t\t\t\t\t<p itemprop=\"description\" class=\"edgtf-excerpt\">El IES Posada de Llanera acogi\u00f3 este martes un encuentro educativo junto al Colegio P\u00fablico San Jos\u00e9 de Cal...<\/p>\n\t\t\t\t\t\t<a itemprop=\"url\" href=\"https:\/\/www.copaeastur.org\/es\/el-ies-posada-de-llanera-y-el-cp-san-jose-de-calasanz-refuerzan-su-colaboracion-educativa-a-traves-del-huerto-escolar-ecologico\/\" class=\"edgtf-blog-list-read-more\">Leer m\u00e1s<i class=\"arrow_right\"><\/i><\/a>\n\t\t<\/div>\n\t<\/div>\n<\/li>\n<li class=\"edgtf-blog-list-item clearfix\">\n\t<div class=\"edgtf-blog-list-item-inner\">\n\t\t<div class=\"edgtf-item-image\">\n\t\t\t<a itemprop=\"url\" href=\"https:\/\/www.copaeastur.org\/es\/marzo-y-su-riqueza\/\">\n\t\t\t\t<img width=\"1080\" height=\"1350\" src=\"https:\/\/www.copaeastur.org\/wp-content\/uploads\/2026\/03\/Cordero-ecologico-a-la-estaca-COPAE.jpg\" class=\"attachment-full size-full wp-post-image\" alt=\"\" decoding=\"async\" loading=\"lazy\" srcset=\"https:\/\/www.copaeastur.org\/wp-content\/uploads\/2026\/03\/Cordero-ecologico-a-la-estaca-COPAE.jpg 1080w, https:\/\/www.copaeastur.org\/wp-content\/uploads\/2026\/03\/Cordero-ecologico-a-la-estaca-COPAE-240x300.jpg 240w, https:\/\/www.copaeastur.org\/wp-content\/uploads\/2026\/03\/Cordero-ecologico-a-la-estaca-COPAE-819x1024.jpg 819w, https:\/\/www.copaeastur.org\/wp-content\/uploads\/2026\/03\/Cordero-ecologico-a-la-estaca-COPAE-768x960.jpg 768w\" sizes=\"(max-width: 1080px) 100vw, 1080px\" \/>\t\t\t<\/a>\n\t\t<\/div>\n\t\t<div class=\"edgtf-item-text-holder\" style=\"background-color:#ffffff;\">\n\t\t\t<h3 itemprop=\"name\" class=\"edgtf-item-title entry-title\">\n\t\t\t\t<a itemprop=\"url\" href=\"https:\/\/www.copaeastur.org\/es\/marzo-y-su-riqueza\/\" >\n\t\t\t\t\tCordero m\u00e1s all\u00e1 de Navidad\t\t\t\t<\/a>\n\t\t\t<\/h3>\n\n\t\t\t<div class=\"edgtf-item-info-section\">\n\t\t\t\t<div class=\"edgtf-post-info-author\">por\t<a itemprop=\"author\" class=\"edgtf-post-info-author-link\" href=\"https:\/\/www.copaeastur.org\/es\/author\/admincopae2019\/\">\n\t\tCOPAE\t<\/a>\n<\/div><div class=\"edgtf-post-info-category\">\n\t<a href=\"https:\/\/www.copaeastur.org\/es\/category\/boletin-de-noticias\/\" rel=\"category tag\">Bolet\u00edn de noticias<\/a><\/div><div itemprop=\"dateCreated\" class=\"edgtf-post-info-date entry-date updated\">\n\t\t\t4 marzo, 2026\t    <meta itemprop=\"interactionCount\" content=\"UserComments: 0\"\/>\n<\/div>\t\t\t<\/div>\n\n\t\t\t\t\t\t\t<p itemprop=\"description\" class=\"edgtf-excerpt\">El fin del invierno y el fr\u00edo est\u00e1n cada vez m\u00e1s cerca, pero mientras esperamos a que llegue la primavera, ...<\/p>\n\t\t\t\t\t\t<a itemprop=\"url\" href=\"https:\/\/www.copaeastur.org\/es\/marzo-y-su-riqueza\/\" class=\"edgtf-blog-list-read-more\">Leer m\u00e1s<i class=\"arrow_right\"><\/i><\/a>\n\t\t<\/div>\n\t<\/div>\n<\/li>\n<li class=\"edgtf-blog-list-item clearfix\">\n\t<div class=\"edgtf-blog-list-item-inner\">\n\t\t<div class=\"edgtf-item-image\">\n\t\t\t<a itemprop=\"url\" href=\"https:\/\/www.copaeastur.org\/es\/arandanos_paraiso_febrero\/\">\n\t\t\t\t<img width=\"2560\" height=\"1707\" src=\"https:\/\/www.copaeastur.org\/wp-content\/uploads\/2026\/02\/DSCF0406-scaled.jpg\" class=\"attachment-full size-full wp-post-image\" alt=\"\" decoding=\"async\" loading=\"lazy\" srcset=\"https:\/\/www.copaeastur.org\/wp-content\/uploads\/2026\/02\/DSCF0406-scaled.jpg 2560w, https:\/\/www.copaeastur.org\/wp-content\/uploads\/2026\/02\/DSCF0406-300x200.jpg 300w, https:\/\/www.copaeastur.org\/wp-content\/uploads\/2026\/02\/DSCF0406-1024x683.jpg 1024w, https:\/\/www.copaeastur.org\/wp-content\/uploads\/2026\/02\/DSCF0406-768x512.jpg 768w, https:\/\/www.copaeastur.org\/wp-content\/uploads\/2026\/02\/DSCF0406-1536x1024.jpg 1536w\" sizes=\"(max-width: 2560px) 100vw, 2560px\" \/>\t\t\t<\/a>\n\t\t<\/div>\n\t\t<div class=\"edgtf-item-text-holder\" style=\"background-color:#ffffff;\">\n\t\t\t<h3 itemprop=\"name\" class=\"edgtf-item-title entry-title\">\n\t\t\t\t<a itemprop=\"url\" href=\"https:\/\/www.copaeastur.org\/es\/arandanos_paraiso_febrero\/\" >\n\t\t\t\t\tReceta de verduras de invierno\t\t\t\t<\/a>\n\t\t\t<\/h3>\n\n\t\t\t<div class=\"edgtf-item-info-section\">\n\t\t\t\t<div class=\"edgtf-post-info-author\">por\t<a itemprop=\"author\" class=\"edgtf-post-info-author-link\" href=\"https:\/\/www.copaeastur.org\/es\/author\/admincopae2019\/\">\n\t\tCOPAE\t<\/a>\n<\/div><div class=\"edgtf-post-info-category\">\n\t<a href=\"https:\/\/www.copaeastur.org\/es\/category\/boletin-de-noticias\/\" rel=\"category tag\">Bolet\u00edn de noticias<\/a><\/div><div itemprop=\"dateCreated\" class=\"edgtf-post-info-date entry-date updated\">\n\t\t\t4 febrero, 2026\t    <meta itemprop=\"interactionCount\" content=\"UserComments: 0\"\/>\n<\/div>\t\t\t<\/div>\n\n\t\t\t\t\t\t\t<p itemprop=\"description\" class=\"edgtf-excerpt\">El fin del invierno y el fr\u00edo est\u00e1n cada vez m\u00e1s cerca, pero mientras esperamos a que llegue la primavera, ...<\/p>\n\t\t\t\t\t\t<a itemprop=\"url\" href=\"https:\/\/www.copaeastur.org\/es\/arandanos_paraiso_febrero\/\" class=\"edgtf-blog-list-read-more\">Leer m\u00e1s<i class=\"arrow_right\"><\/i><\/a>\n\t\t<\/div>\n\t<\/div>\n<\/li>\n\t<\/ul>\t\n<\/div>\n[\/vc_column_inner][\/vc_row_inner][\/vc_column][vc_column width=\u00bb1\/4&#8243; el_class=\u00bbbloque_sidebar\u00bb][vc_column_text]<\/p>\n<h2 style=\"font-size: 18px;\">Operadores inscritos<\/h2>\n<p>[\/vc_column_text][vc_empty_space][vc_row_inner el_class=\u00bbinicio_sesion\u00bb][vc_column_inner][vc_column_text]<img decoding=\"async\" loading=\"lazy\" class=\"alignnone wp-image-17193 size-full\" src=\"\/wp-content\/uploads\/2018\/11\/candado.png\" alt=\"\" width=\"31\" height=\"39\" \/><span class=\"inicio_sesion\">INICIO DE SESI\u00d3N<\/span>[\/vc_column_text][vc_empty_space][vc_raw_html]JTNDZm9ybSUyMGFjdGlvbiUzRCUyMmh0dHBzJTNBJTJGJTJGY29wYWUuYXp1cmV3ZWJzaXRlcy5uZXQlMkZjb250cm9sLmFzcHglMjIlMjBuYW1lJTNEJTIybG9naW4lMjIlMjBpZCUzRCUyMmZvcm0tbG9naW4lMjIlMjB0YXJnZXQlM0QlMjJfYmxhbmslMjIlM0UlMEElMjAlM0NkaXYlMjBjbGFzcyUzRCUyMmxvZ2luJTIyJTNFJTBBJTA5JTNDaW5wdXQlMjBpZCUzRCUyMm1vZGxnbl91c2VybmFtZSUyMiUyMHR5cGUlM0QlMjJ0ZXh0JTIyJTIwbmFtZSUzRCUyMnVzdSUyMiUyMGNsYXNzJTNEJTIyaW5wdXRib3glMjIlMjBhbHQlM0QlMjJ1c2VybmFtZSUyMiUyMHBsYWNlaG9sZGVyJTNEJTIyVVNVQVJJTyUyMiUzRSUwQSUwQSUyMCUyMCUyMCUyMCUyMCUyMCUyMCUyMCUzQ2lucHV0JTIwaWQlM0QlMjJtb2RsZ25fcGFzc3dkJTIyJTIwdHlwZSUzRCUyMnBhc3N3b3JkJTIyJTIwbmFtZSUzRCUyMmNvbnRyYSUyMiUyMGNsYXNzJTNEJTIyaW5wdXRib3glMjIlMjBzaXplJTNEJTIyMTglMjIlMjBhbHQlM0QlMjJwYXNzd29yZCUyMiUyMHBsYWNlaG9sZGVyJTNEJTIyQ09OVFJBU0UlQzMlOTFBJTIyJTNFJTBBJTIwJTBBJTIwJTIwJTIwJTIwJTIwJTIwJTIwJTIwJTNDYnV0dG9uJTIwdHlwZSUzRCUyMnN1Ym1pdCUyMiUzRUxvZ2luJTNDJTJGYnV0dG9uJTNFJTBBJTIwJTNDJTJGZGl2JTNFJTBBJTA5JTNDaW5wdXQlMjB0eXBlJTNEJTIyaGlkZGVuJTIyJTIwbmFtZSUzRCUyMm9wdGlvbiUyMiUyMHZhbHVlJTNEJTIyY29tX3VzZXIlMjIlM0UlMEElMDklM0NpbnB1dCUyMHR5cGUlM0QlMjJoaWRkZW4lMjIlMjBuYW1lJTNEJTIydGFzayUyMiUyMHZhbHVlJTNEJTIybG9naW4lMjIlM0UlMEElMDklM0NpbnB1dCUyMHR5cGUlM0QlMjJoaWRkZW4lMjIlMjBuYW1lJTNEJTIycmV0dXJuJTIyJTIwdmFsdWUlM0QlMjJMMmx1WkdWNExuQm9jRDl2Y0hScGIyNDlZMjl0WDNkeVlYQndaWEltZG1sbGR6MTNjbUZ3Y0dWeUprbDBaVzFwWkQweUpteGhibWM5WlhNJTNEJTIyJTNFJTBBJTA5JTNDaW5wdXQlMjB0eXBlJTNEJTIyaGlkZGVuJTIyJTIwbmFtZSUzRCUyMjliOWNlNDQwYzVhODcyYTY2MTlhNjE1OTczMWMyYTc5JTIyJTIwdmFsdWUlM0QlMjIxJTIyJTNFJTBBJTNDJTJGZm9ybSUzRQ==[\/vc_raw_html][\/vc_column_inner][\/vc_row_inner][vc_empty_space][vc_row_inner el_class=\u00bbzona_descarga\u00bb][vc_column_inner][vc_column_text]<img decoding=\"async\" loading=\"lazy\" class=\"alignnone wp-image-17194 size-full\" src=\"\/wp-content\/uploads\/2018\/11\/descarga.png\" alt=\"\" width=\"31\" height=\"39\" \/><br \/>\n<span class=\"inicio_sesion\" style=\"width: 100%;\">ZONA DE DESCARGA<\/span><\/p>\n<p style=\"text-align: left; clear: inline-start;\">Descargue sus documentos: tr\u00e1mites, hojas de cuadernos, logotipos.<\/p>\n<p style=\"text-align: right;\"><a href=\"\/es\/descargas\/\">Entrar<\/a><\/p>\n<p>[\/vc_column_text][\/vc_column_inner][\/vc_row_inner][vc_empty_space]<div class=\"edgtf-banner\">\n\t\t\t<a class=\"edgtf-banner-link\" href=\"\/es\/enlaces-de-interes\/\" target=\"_self\"><\/a>\n\t\t<div class=\"edgtf-banner-image\">\n\t\t\t<img src=\"https:\/\/www.copaeastur.org\/wp-content\/uploads\/2019\/05\/FOTO-ENLACES-DE-INTER\u00c9S.jpg\" alt=\"\" \/>\n\t<\/div>\n\t<div class=\"edgtf-banner-text-holder\">\n\t\t<div class=\"edgtf-banner-text-table\">\n\t\t\t<div class=\"edgtf-banner-text-cell\">\n\t\t\t\t\t\t\t\t<span class=\"edgtf-banner-subtitle\" >\n\t\t\t\t\t\tEnlaces de inter\u00e9s\t\t\t\t<\/span>\n\t\t\t\t\t\t\t\t\t\t\t\t\t\t\t<\/div>\n\t\t<\/div>\n\t<\/div>\n\t<\/div>[vc_empty_space]<div class=\"edgtf-banner\">\n\t\t\t<a class=\"edgtf-banner-link\" href=\"https:\/\/www.copaeastur.org\/es\/red-de-huertos-escolares-ecologicos-de-asturias\/\" target=\"_self\"><\/a>\n\t\t<div class=\"edgtf-banner-image\">\n\t\t\t<img src=\"https:\/\/www.copaeastur.org\/wp-content\/uploads\/2022\/10\/Red-de-huertos-escolares-Asturias-COPAE-4.jpg\" alt=\"\" \/>\n\t<\/div>\n\t<div class=\"edgtf-banner-text-holder\">\n\t\t<div class=\"edgtf-banner-text-table\">\n\t\t\t<div class=\"edgtf-banner-text-cell\">\n\t\t\t\t\t\t\t\t<span class=\"edgtf-banner-subtitle\" >\n\t\t\t\t\t\tRed de Huertos Escolares\t\t\t\t<\/span>\n\t\t\t\t\t\t\t\t\t\t\t\t\t\t\t<\/div>\n\t\t<\/div>\n\t<\/div>\n\t<\/div>[vc_empty_space]<div class=\"edgtf-banner\">\n\t\t\t<a class=\"edgtf-banner-link\" href=\"https:\/\/www.copaeastur.org\/es\/calendario-ferias-y-mercados\/\" target=\"_self\"><\/a>\n\t\t<div class=\"edgtf-banner-image\">\n\t\t\t<img src=\"https:\/\/www.copaeastur.org\/wp-content\/uploads\/2024\/01\/Calendario-de-ferias-y-mercados-del-COPAE-1.jpg\" alt=\"\" \/>\n\t<\/div>\n\t<div class=\"edgtf-banner-text-holder\">\n\t\t<div class=\"edgtf-banner-text-table\">\n\t\t\t<div class=\"edgtf-banner-text-cell\">\n\t\t\t\t\t\t\t\t<span class=\"edgtf-banner-subtitle\" >\n\t\t\t\t\t\tCalendario de ferias y mercados\t\t\t\t<\/span>\n\t\t\t\t\t\t\t\t\t\t\t\t\t\t\t<\/div>\n\t\t<\/div>\n\t<\/div>\n\t<\/div>[vc_empty_space]<div class=\"edgtf-banner\">\n\t\t\t<a class=\"edgtf-banner-link\" href=\"\/es\/multimedia\/\" target=\"_self\"><\/a>\n\t\t<div class=\"edgtf-banner-image\">\n\t\t\t<img src=\"https:\/\/www.copaeastur.org\/wp-content\/uploads\/2018\/11\/multimedia.jpg\" alt=\"\" \/>\n\t<\/div>\n\t<div class=\"edgtf-banner-text-holder\">\n\t\t<div class=\"edgtf-banner-text-table\">\n\t\t\t<div class=\"edgtf-banner-text-cell\">\n\t\t\t\t\t\t\t\t<span class=\"edgtf-banner-subtitle\" >\n\t\t\t\t\t\tMultimedia\t\t\t\t<\/span>\n\t\t\t\t\t\t\t\t\t\t\t\t\t\t\t<\/div>\n\t\t<\/div>\n\t<\/div>\n\t<\/div>[\/vc_column][\/vc_row]<\/p>\n","protected":false},"excerpt":{"rendered":"<p>[vc_row content_width=\u00bbgrid\u00bb][vc_column offset=\u00bbvc_hidden-xs\u00bb][rev_slider_vc alias=\u00bbcast-alimentando-el-futuro-de-asturias\u00bb][\/vc_column][\/vc_row][vc_row content_width=\u00bbgrid\u00bb][vc_column offset=\u00bbvc_hidden-lg vc_hidden-md vc_hidden-sm\u00bb][rev_slider_vc alias=\u00bbcast-movil-alimentando-el-futuro-de-asturias\u00bb][\/vc_column][\/vc_row][vc_row content_width=\u00bbgrid\u00bb css=\u00bb.vc_custom_1542811730149{padding-top: 80px !important;padding-bottom: 70px !important;}\u00bb][vc_column width=\u00bb3\/4&#8243; el_class=\u00bbbloque_principal\u00bb][vc_row_inner][vc_column_inner width=\u00bb1\/3&#8243;][vc_column_text] Consumidores Descubre los alimentos BIO. [\/vc_column_text][\/vc_column_inner][vc_column_inner width=\u00bb1\/3&#8243;][vc_column_text] Certif\u00edcate Para producir y comercializar ECO [\/vc_column_text][\/vc_column_inner][vc_column_inner width=\u00bb1\/3&#8243;][vc_column_text] Directorio Operadores y productos certificados. [\/vc_column_text][\/vc_column_inner][\/vc_row_inner][vc_empty_space height=\u00bb60px\u00bb][vc_row_inner][vc_column_inner][vc_column_text] La producci\u00f3n ecol\u00f3gica en Asturias [\/vc_column_text][vc_empty_space height=\u00bb30px\u00bb][rev_slider_vc alias=\u00bbhome-1&#8243;][\/vc_column_inner][\/vc_row_inner][vc_row_inner el_class=\u00bbentradas_home\u00bb css=\u00bb.vc_custom_1545925490703{margin-top: 40px !important;}\u00bb][vc_column_inner][vc_empty_space height=\u00bb60px\u00bb][vc_column_text] Noticias del&#8230;<\/p>\n","protected":false},"author":1,"featured_media":0,"parent":0,"menu_order":0,"comment_status":"closed","ping_status":"closed","template":"full-width.php","meta":[],"_links":{"self":[{"href":"https:\/\/www.copaeastur.org\/es\/wp-json\/wp\/v2\/pages\/13079"}],"collection":[{"href":"https:\/\/www.copaeastur.org\/es\/wp-json\/wp\/v2\/pages"}],"about":[{"href":"https:\/\/www.copaeastur.org\/es\/wp-json\/wp\/v2\/types\/page"}],"author":[{"embeddable":true,"href":"https:\/\/www.copaeastur.org\/es\/wp-json\/wp\/v2\/users\/1"}],"replies":[{"embeddable":true,"href":"https:\/\/www.copaeastur.org\/es\/wp-json\/wp\/v2\/comments?post=13079"}],"version-history":[{"count":160,"href":"https:\/\/www.copaeastur.org\/es\/wp-json\/wp\/v2\/pages\/13079\/revisions"}],"predecessor-version":[{"id":21795,"href":"https:\/\/www.copaeastur.org\/es\/wp-json\/wp\/v2\/pages\/13079\/revisions\/21795"}],"wp:attachment":[{"href":"https:\/\/www.copaeastur.org\/es\/wp-json\/wp\/v2\/media?parent=13079"}],"curies":[{"name":"wp","href":"https:\/\/api.w.org\/{rel}","templated":true}]}}