{"id":18372,"date":"2019-07-11T12:21:34","date_gmt":"2019-07-11T12:21:34","guid":{"rendered":"http:\/\/copae.thinkaweb.com\/politica-de-cookies\/"},"modified":"2025-01-30T12:34:00","modified_gmt":"2025-01-30T12:34:00","slug":"politica-de-cookies","status":"publish","type":"page","link":"https:\/\/www.copaeastur.org\/en\/politica-de-cookies\/","title":{"rendered":"Pol\u00edtica de cookies"},"content":{"rendered":"<h1>Pol\u00edtica de cookies<\/h1>\n<p>En CONSEJO DE LA PRODUCCI\u00d3N AGRARIA ECOL\u00d3GICA DEL PRINCIPADO DE ASTURIAS (COPAE) utilizamos las cookies u otros archivos de funcionalidad similar (en adelante, \u201ccookies\u201d) que almacenan y recuperan informaci\u00f3n cuando navegas. En general, estas tecnolog\u00edas pueden servir para finalidades muy diversas, como, por ejemplo, reconocerte como usuario, obtener informaci\u00f3n sobre tus h\u00e1bitos de navegaci\u00f3n, o personalizar la forma en que se muestra el contenido.<\/p>\n<p>El objetivo de esta pol\u00edtica es informarle de manera clara y detallada de qu\u00e9 es una cookie, cu\u00e1l es su finalidad, qu\u00e9 tipo de cookies utilizamos y c\u00f3mo configurarlas o en su caso deshabilitarlas.<\/p>\n<p>&nbsp;<\/p>\n<p><strong><em>\u00bfQu\u00e9 son las cookies?<\/em><\/strong><\/p>\n<p>Una cookie es un peque\u00f1o archivo de texto que se almacena en su navegador cuando visita nuestra p\u00e1gina web y que guarda informaci\u00f3n sobre la navegaci\u00f3n que realiza para hacer m\u00e1s eficiente la experiencia de usuario. Algunas cookies resultan esenciales para el buen funcionamiento de las p\u00e1ginas web, como es el caso de las cookies t\u00e9cnicas o de personalizaci\u00f3n de la interfaz de usuario, aunque otras, como las cookies de an\u00e1lisis o las de publicidad comportamental, requieren que le informemos y recabar el consentimiento sobre su uso.<\/p>\n<p>A continuaci\u00f3n, y con el objetivo de que pueda prestar un consentimiento plenamente informado, le detallamos la informaci\u00f3n de en qu\u00e9 consiste y cu\u00e1l es la finalidad de cada tipo de cookie:<\/p>\n<p>Las <strong>cookies t\u00e9cnicas:<\/strong> son aquellas que, permiten al usuario la navegaci\u00f3n a trav\u00e9s de una p\u00e1gina web, plataforma o aplicaci\u00f3n y la utilizaci\u00f3n de las diferentes opciones o servicios que en ella existan, incluyendo la gesti\u00f3n y operativa de la p\u00e1gina web y habilitar sus funciones y servicios, como, por ejemplo, identificar la sesi\u00f3n, acceder a partes de acceso restringido, recordar los elementos que integran un pedido, realizar el proceso de compra de un pedido, gestionar el pago, \u2026 La p\u00e1gina web no puede funcionar adecuadamente sin estas cookies por lo que se consideran necesarias.<\/p>\n<p>Las <strong>cookies de preferencias<\/strong> o <strong>personalizaci\u00f3n:<\/strong> permiten a la p\u00e1gina web recordar informaci\u00f3n que cambia la forma en que la p\u00e1gina se comporta o el aspecto que tiene de modo que el usuario acceda al servicio con determinadas caracter\u00edsticas que pueden diferenciar su experiencia de la de otros usuarios, como, por ejemplo, el idioma, el n\u00famero de resultados a mostrar cuando el usuario realiza una b\u00fasqueda o la regi\u00f3n en la que el usuario se encuentra. Si es el propio usuario quien elige esas caracter\u00edsticas, por ejemplo, marcando la bandera del idioma, se considera un servicio expresamente solicitado siempre y cuando las cookies obedezcan exclusivamente a la finalidad seleccionada de personalizaci\u00f3n.<\/p>\n<p>Las <strong>cookies de an\u00e1lisis<\/strong> o <strong>medici\u00f3n:<\/strong> son aquellas que, tratadas por nosotros o por terceros, nos permiten cuantificar el n\u00famero de usuarios y as\u00ed realizar la medici\u00f3n y an\u00e1lisis estad\u00edstico de la utilizaci\u00f3n que hacen los usuarios del servicio ofertado. Para ello se analiza su navegaci\u00f3n en nuestra p\u00e1gina web con el fin de mejorar la oferta de productos o servicios que le ofrecemos.<\/p>\n<p>Las <strong>cookies de marketing<\/strong> o <strong>publicidad comportamental:<\/strong> almacenan informaci\u00f3n del comportamiento de los usuarios obtenida a trav\u00e9s de la observaci\u00f3n continuada de sus h\u00e1bitos de navegaci\u00f3n, lo que permite desarrollar un perfil espec\u00edfico para mostrar anuncios relevantes y atractivos para el usuario individual y, por lo tanto, m\u00e1s valiosos para los terceros anunciantes.<\/p>\n<p>&nbsp;<\/p>\n<p><strong><em>\u00bfPara qu\u00e9 utiliza las cookies esta p\u00e1gina web y cu\u00e1les son?<\/em><\/strong><\/p>\n<p>El detalle de las cookies utilizadas en esta p\u00e1gina web es el siguiente:<\/p>\n<ul>\n<li><strong>Propias:<\/strong> Son aqu\u00e9llas que se env\u00edan al equipo terminal del usuario desde un equipo o dominio gestionado por el propio editor y desde el que se presta el servicio solicitado por el usuario.<\/li>\n<\/ul>\n<table>\n<tbody>\n<tr>\n<td style=\"text-align: left;\" width=\"167\"><strong>Cookie<\/strong><\/td>\n<td style=\"text-align: left;\" width=\"55\"><strong>Duraci\u00f3n<\/strong><\/td>\n<td style=\"text-align: left;\" width=\"64\"><strong>Tipo<\/strong><\/td>\n<td style=\"text-align: left;\" width=\"252\"><strong>Prop\u00f3sito<\/strong><\/td>\n<\/tr>\n<tr>\n<td style=\"text-align: left;\" width=\"167\">PHPSESSID<\/td>\n<td style=\"text-align: left;\" width=\"55\">Sesi\u00f3n<\/td>\n<td style=\"text-align: left;\" width=\"64\">T\u00e9cnico<\/td>\n<td style=\"text-align: left;\" width=\"252\">Mantener la sesi\u00f3n de un usuario<\/td>\n<\/tr>\n<tr>\n<td style=\"text-align: left;\" width=\"167\">cdp-cookies-plugin-wp<\/td>\n<td style=\"text-align: left;\" width=\"55\">Persistente<\/td>\n<td style=\"text-align: left;\" width=\"64\">T\u00e9cnico<\/td>\n<td style=\"text-align: left;\" width=\"252\">Identificar si el usuario acepta el uso de cookies<\/td>\n<\/tr>\n<tr>\n<td style=\"text-align: left;\" width=\"167\">_icl_current_language<\/td>\n<td style=\"text-align: left;\" width=\"55\">1 d\u00eda<\/td>\n<td style=\"text-align: left;\" width=\"64\">T\u00e9cnico<\/td>\n<td style=\"text-align: left;\" width=\"252\">Identificar el idioma de navegaci\u00f3n.<\/td>\n<\/tr>\n<\/tbody>\n<\/table>\n<ul>\n<li><strong>De terceros: <\/strong>Son aqu\u00e9llas que se env\u00edan al equipo terminal del usuario desde un equipo o dominio que no es gestionado por el editor, sino por otra entidad que trata los datos obtenidos trav\u00e9s de las cookies.<\/li>\n<\/ul>\n<table>\n<tbody>\n<tr>\n<td style=\"text-align: left;\" width=\"140\"><strong>Cookie<\/strong><\/td>\n<td style=\"text-align: left;\"><strong>Duraci\u00f3n<\/strong><\/td>\n<td style=\"text-align: left;\"><strong>Tipo<\/strong><\/td>\n<td style=\"text-align: left;\"><strong>Prop\u00f3sito<\/strong><\/td>\n<\/tr>\n<tr>\n<td style=\"text-align: left;\" width=\"140\">_ga<\/td>\n<td style=\"text-align: left;\">2 a\u00f1os<\/td>\n<td style=\"text-align: left;\">An\u00e1lisis<\/td>\n<td style=\"text-align: left;\">Medici\u00f3n interna con Google Analytics<\/td>\n<\/tr>\n<tr>\n<td style=\"text-align: left;\" width=\"140\">_gid<\/td>\n<td style=\"text-align: left;\">24 horas<\/td>\n<td style=\"text-align: left;\">An\u00e1lisis<\/td>\n<td style=\"text-align: left;\">Medici\u00f3n interna con Google Analytics<\/td>\n<\/tr>\n<tr>\n<td style=\"text-align: left;\" width=\"140\">_gat<\/td>\n<td style=\"text-align: left;\">1 minuto<\/td>\n<td style=\"text-align: left;\">An\u00e1lisis<\/td>\n<td style=\"text-align: left;\">Medici\u00f3n interna con Google Analytics<\/td>\n<\/tr>\n<\/tbody>\n<\/table>\n<p>&nbsp;<\/p>\n<p>Para las cookies de an\u00e1lisis y de publicidad necesitamos su consentimiento que podremos obtener si pulsa en el bot\u00f3n \u201cAcepto\u201d en el mensaje de informaci\u00f3n que se muestra al acceder a nuestra p\u00e1gina web.<\/p>\n<p>Si desactiva las cookies, podr\u00e1 seguir accediendo a la web pero puede que la navegaci\u00f3n por esta no sea \u00f3ptima y alguno de los servicios ofrecidos no funcionen correctamente.<\/p>\n<p>Si en un futuro CONSEJO DE LA PRODUCCI\u00d3N AGRARIA ECOL\u00d3GICA DEL PRINCIPADO DE ASTURIAS (COPAE) llegara a utilizar tipos de cookies diferentes a las contempladas en esta Pol\u00edtica de Cookies para prestar nuevos servicios o fuera necesario adaptarla a nuevas exigencias legislativas, se lo notificaremos.<\/p>\n<p>&nbsp;<\/p>\n<p><strong><em>\u00bfC\u00f3mo puedo desactivar o eliminar las cookies?<\/em><\/strong><\/p>\n<p>Tenga en cuenta que, si acepta las cookies de terceros, deber\u00e1 eliminarlas desde las opciones del navegador o desde el sistema ofrecido por el propio tercero. Puede usted permitir, bloquear o eliminar las cookies instaladas en su equipo mediante la configuraci\u00f3n de las opciones del navegador instalado en su ordenador.<\/p>\n<ul>\n<li><u><a href=\"https:\/\/support.microsoft.com\/es-es\/help\/17442\/windows-internet-explorer-delete-manage-cookies\">Microsoft Internet Explorer<\/a><\/u>: men\u00fa Herramientas &gt; Opciones de Internet &gt; Privacidad &gt; Configuraci\u00f3n.<\/li>\n<li><u><a href=\"https:\/\/support.mozilla.org\/es\/kb\/habilitar-y-deshabilitar-cookies-sitios-web-rastrear-preferencias?redirectlocale=es&amp;redirectslug=habilitar-y-deshabilitar-cookies-que-los-sitios-we\">Firefox<\/a><\/u>: men\u00fa Herramientas &gt; Opciones &gt; Privacidad &gt; Cookies.<\/li>\n<li><u><a href=\"https:\/\/support.google.com\/accounts\/answer\/61416?hl=es\">Chrome<\/a><\/u>: men\u00fa Opciones &gt; Opciones avanzadas &gt; Privacidad.<\/li>\n<li><u><a href=\"https:\/\/support.apple.com\/es-es\/guide\/safari\/sfri11471\/mac\">Safari:<\/a><\/u> men\u00fa Preferencias\/Privacidad.<\/li>\n<li><u><a href=\"https:\/\/support.apple.com\/es-es\/HT201265\">Safari para IOS<\/a><\/u> (iPhone y iPad): Opci\u00f3n Ajustes &gt; Safari<\/li>\n<li><u><a href=\"https:\/\/support.google.com\/chrome\/answer\/95647?co=GENIE.Platform%3DAndroid&amp;hl=es-419\">Chrome para Android<\/a><\/u>: Configuraci\u00f3n &gt; Configuraci\u00f3n de sitios web &gt; Cookies<\/li>\n<li><strong>Otros navegadores<\/strong><strong>: <\/strong>consulte la documentaci\u00f3n del navegador que tenga instalado.<\/li>\n<\/ul>\n<p>&nbsp;<\/p>\n<p><strong><em>Transferencias de datos a terceros pa\u00edses<\/em><\/strong><\/p>\n<p>Puedes informarte de las transferencias a terceros pa\u00edses que, en su caso, realizan los terceros identificados en esta pol\u00edtica de cookies en sus correspondientes pol\u00edticas (ver los enlaces facilitados en el apartado \u201cCookies de terceros\u201d).<\/p>\n<p>&nbsp;<\/p>\n<p><strong><em>Elaboraci\u00f3n de perfiles<\/em><\/strong><\/p>\n<p>No se elaborar\u00e1 ning\u00fan tipo de \u201cperfil\u201d en base a la informaci\u00f3n facilitada ni se tomar\u00e1n decisiones automatizadas en base a perfiles<strong>.<\/strong><\/p>\n<p>&nbsp;<\/p>\n<p><strong><em>Periodo de conservaci\u00f3n de los datos<\/em><\/strong><\/p>\n<p>Los datos obtenidos a trav\u00e9s de las cookies se conservar\u00e1n por un periodo m\u00e1ximo de 24 meses, tras dicho periodo volveremos a recabar su consentimiento.<\/p>\n<p>&nbsp;<\/p>\n<p><strong><em>Derechos de los interesados<\/em><\/strong><\/p>\n<p>Usted podr\u00e1 obtener m\u00e1s informaci\u00f3n sobre el tratamiento de datos de car\u00e1cter personal y de c\u00f3mo ejercer sus derechos consultado nuestra <a href=\"https:\/\/www.copaeastur.org\/en\/politica-de-privacidad\/\"><strong><em><u>pol\u00edtica de privacidad<\/u><\/em><\/strong><\/a>.<\/p>\n","protected":false},"excerpt":{"rendered":"<p>Pol\u00edtica de cookies En CONSEJO DE LA PRODUCCI\u00d3N AGRARIA ECOL\u00d3GICA DEL PRINCIPADO DE ASTURIAS (COPAE) utilizamos las cookies u otros archivos de funcionalidad similar (en adelante, \u201ccookies\u201d) que almacenan y recuperan informaci\u00f3n cuando navegas. En general, estas tecnolog\u00edas pueden servir para finalidades muy diversas, como, por ejemplo, reconocerte como usuario, obtener informaci\u00f3n sobre tus h\u00e1bitos&#8230;<\/p>\n","protected":false},"author":1,"featured_media":0,"parent":0,"menu_order":0,"comment_status":"closed","ping_status":"closed","template":"","meta":[],"_links":{"self":[{"href":"https:\/\/www.copaeastur.org\/en\/wp-json\/wp\/v2\/pages\/18372"}],"collection":[{"href":"https:\/\/www.copaeastur.org\/en\/wp-json\/wp\/v2\/pages"}],"about":[{"href":"https:\/\/www.copaeastur.org\/en\/wp-json\/wp\/v2\/types\/page"}],"author":[{"embeddable":true,"href":"https:\/\/www.copaeastur.org\/en\/wp-json\/wp\/v2\/users\/1"}],"replies":[{"embeddable":true,"href":"https:\/\/www.copaeastur.org\/en\/wp-json\/wp\/v2\/comments?post=18372"}],"version-history":[{"count":4,"href":"https:\/\/www.copaeastur.org\/en\/wp-json\/wp\/v2\/pages\/18372\/revisions"}],"predecessor-version":[{"id":21550,"href":"https:\/\/www.copaeastur.org\/en\/wp-json\/wp\/v2\/pages\/18372\/revisions\/21550"}],"wp:attachment":[{"href":"https:\/\/www.copaeastur.org\/en\/wp-json\/wp\/v2\/media?parent=18372"}],"curies":[{"name":"wp","href":"https:\/\/api.w.org\/{rel}","templated":true}]}}