{"id":18299,"date":"2018-11-23T11:41:48","date_gmt":"2018-11-23T11:41:48","guid":{"rendered":"http:\/\/copae.thinkaweb.com\/elaboradores\/"},"modified":"2019-11-04T15:48:56","modified_gmt":"2019-11-04T15:48:56","slug":"ellaboradores","status":"publish","type":"page","link":"https:\/\/www.copaeastur.org\/as\/ellaboradores\/","title":{"rendered":"Ellaboradores"},"content":{"rendered":"<p>[vc_row][vc_column][vc_column_text]<\/p>\n<h1 style=\"text-align: center;\">Directoriu<\/h1>\n<h3 style=\"text-align: center;\">Rexistro d&#8217;Operadores de Producci\u00f3n Ecol\u00f3xica d&#8217;Asturies<\/h3>\n<h3 style=\"text-align: center;\">Gu\u00eda d&#8217;operadores, actividaes y productos certificaos<\/h3>\n<p>[\/vc_column_text][vc_empty_space height=&#8221;50px&#8221;][vc_row_inner content_width=&#8221;grid&#8221; content_aligment=&#8221;center&#8221; el_class=&#8221;directorio&#8221;][vc_column_inner width=&#8221;1\/12&#8243;][\/vc_column_inner][vc_column_inner width=&#8221;1\/6&#8243;]\n<div class=\"edgtf-image-with-text\">\n\t<div class=\"edgtf-image-with-text-image-inner\">\n\t\t\t\t\t<div class=\"edgtf-image-with-text-image\">\n\t\t\t\t<img width=\"150\" height=\"150\" src=\"https:\/\/www.copaeastur.org\/wp-content\/uploads\/2019\/05\/FOTO-15-1-1.jpg\" class=\"attachment-full size-full\" alt=\"\" decoding=\"async\" loading=\"lazy\" \/>\t\t\t<\/div>\n\t\t\t<div class=\"edgtf-image-with-text-image-overlay\">\n\t\t\t\t\t\t\t\t\t<a href=\"\/as\/productores\/#directorio\" target=\"_blank\" class=\"edgtf-image-with-text-link\"><\/a>\n\t\t\t\t\t\t\t<\/div>\n\n\t\t\t<\/div>\n\t<div class=\"edgtf-image-with-text-info\">\n\t\t\t\t\t\t\t\t\t<a href=\"\/as\/productores\/#directorio\" target=\"_blank\" class=\"edgtf-image-with-text-link\"> \n\t\t\t\t\t\t<span class=\"edgtf-image-with-text-text\">\n\t\t\t\tProductores\t\t\t<\/span>\n\t\t\t\t\t\t\t<\/a>\n\t\t\t\t\t\t<\/div>\n<\/div>[\/vc_column_inner][vc_column_inner el_class=&#8221;activo&#8221; width=&#8221;1\/6&#8243;]\n<div class=\"edgtf-image-with-text\">\n\t<div class=\"edgtf-image-with-text-image-inner\">\n\t\t\t\t\t<div class=\"edgtf-image-with-text-image\">\n\t\t\t\t<img width=\"150\" height=\"150\" src=\"https:\/\/www.copaeastur.org\/wp-content\/uploads\/2019\/05\/FOTO-16-.jpg\" class=\"attachment-full size-full\" alt=\"\" decoding=\"async\" loading=\"lazy\" \/>\t\t\t<\/div>\n\t\t\t<div class=\"edgtf-image-with-text-image-overlay\">\n\t\t\t\t\t\t\t<\/div>\n\n\t\t\t<\/div>\n\t<div class=\"edgtf-image-with-text-info\">\n\t\t\t\t\t\t\t\t<span class=\"edgtf-image-with-text-text\">\n\t\t\t\tEllaboradores\t\t\t<\/span>\n\t\t\t\t\t\t<\/div>\n<\/div>[\/vc_column_inner][vc_column_inner width=&#8221;1\/6&#8243;]\n<div class=\"edgtf-image-with-text\">\n\t<div class=\"edgtf-image-with-text-image-inner\">\n\t\t\t\t\t<div class=\"edgtf-image-with-text-image\">\n\t\t\t\t<img width=\"150\" height=\"150\" src=\"https:\/\/www.copaeastur.org\/wp-content\/uploads\/2018\/11\/directorio-comercios.jpg\" class=\"attachment-full size-full\" alt=\"\" decoding=\"async\" loading=\"lazy\" \/>\t\t\t<\/div>\n\t\t\t<div class=\"edgtf-image-with-text-image-overlay\">\n\t\t\t\t\t\t\t\t\t<a href=\"\/as\/comercios\/#directorio\" target=\"_blank\" class=\"edgtf-image-with-text-link\"><\/a>\n\t\t\t\t\t\t\t<\/div>\n\n\t\t\t<\/div>\n\t<div class=\"edgtf-image-with-text-info\">\n\t\t\t\t\t\t\t\t\t<a href=\"\/as\/comercios\/#directorio\" target=\"_blank\" class=\"edgtf-image-with-text-link\"> \n\t\t\t\t\t\t<span class=\"edgtf-image-with-text-text\">\n\t\t\t\tComercios\t\t\t<\/span>\n\t\t\t\t\t\t\t<\/a>\n\t\t\t\t\t\t<\/div>\n<\/div>[\/vc_column_inner][vc_column_inner width=&#8221;1\/6&#8243;]\n<div class=\"edgtf-image-with-text\">\n\t<div class=\"edgtf-image-with-text-image-inner\">\n\t\t\t\t\t<div class=\"edgtf-image-with-text-image\">\n\t\t\t\t<img width=\"150\" height=\"150\" src=\"https:\/\/www.copaeastur.org\/wp-content\/uploads\/2018\/11\/directorio-restaurantes.jpg\" class=\"attachment-full size-full\" alt=\"\" decoding=\"async\" loading=\"lazy\" \/>\t\t\t<\/div>\n\t\t\t<div class=\"edgtf-image-with-text-image-overlay\">\n\t\t\t\t\t\t\t\t\t<a href=\"\/as\/restorantes\/#directorio\" target=\"_blank\" class=\"edgtf-image-with-text-link\"><\/a>\n\t\t\t\t\t\t\t<\/div>\n\n\t\t\t<\/div>\n\t<div class=\"edgtf-image-with-text-info\">\n\t\t\t\t\t\t\t\t\t<a href=\"\/as\/restorantes\/#directorio\" target=\"_blank\" class=\"edgtf-image-with-text-link\"> \n\t\t\t\t\t\t<span class=\"edgtf-image-with-text-text\">\n\t\t\t\tRestorantes\t\t\t<\/span>\n\t\t\t\t\t\t\t<\/a>\n\t\t\t\t\t\t<\/div>\n<\/div>[\/vc_column_inner][vc_column_inner width=&#8221;1\/6&#8243;]\n<div class=\"edgtf-image-with-text\">\n\t<div class=\"edgtf-image-with-text-image-inner\">\n\t\t\t\t\t<div class=\"edgtf-image-with-text-image\">\n\t\t\t\t<img width=\"150\" height=\"150\" src=\"https:\/\/www.copaeastur.org\/wp-content\/uploads\/2018\/11\/directorio-turismo.jpg\" class=\"attachment-full size-full\" alt=\"\" decoding=\"async\" loading=\"lazy\" \/>\t\t\t<\/div>\n\t\t\t<div class=\"edgtf-image-with-text-image-overlay\">\n\t\t\t\t\t\t\t\t\t<a href=\"\/as\/turismu\/#directorio\" target=\"_blank\" class=\"edgtf-image-with-text-link\"><\/a>\n\t\t\t\t\t\t\t<\/div>\n\n\t\t\t<\/div>\n\t<div class=\"edgtf-image-with-text-info\">\n\t\t\t\t\t\t\t\t\t<a href=\"\/as\/turismu\/#directorio\" target=\"_blank\" class=\"edgtf-image-with-text-link\"> \n\t\t\t\t\t\t<span class=\"edgtf-image-with-text-text\">\n\t\t\t\tTurismu\t\t\t<\/span>\n\t\t\t\t\t\t\t<\/a>\n\t\t\t\t\t\t<\/div>\n<\/div>[\/vc_column_inner][vc_column_inner width=&#8221;1\/12&#8243;][\/vc_column_inner][\/vc_row_inner][vc_row_inner content_width=&#8221;grid&#8221; el_class=&#8221;una_columna&#8221;][vc_column_inner el_id=&#8221;directorio&#8221;][vc_empty_space height=&#8221;50px&#8221;][vc_column_text]Puede realizar consultes de los operadores pol productu, lo mesmo que de l&#8217;activid\u00e1 certificada, y\u00e1 s\u00eda d&#8217;ellaboraci\u00f3n o de distribuci\u00f3n. Faciendo clic nel c\u00f3digu del operador puede consultar los datos de contactu y les actividaes que l&#8217;operador tien certificaes.[\/vc_column_text][vc_empty_space height=&#8221;50px&#8221;][vc_raw_html el_id=&#8221;directorio_1&#8243;]JTNDaWZyYW1lJTIwb25sb2FkJTNEJTIyaUZyYW1lSGVpZ2h0JTI4JTI5JTIyJTIwaWQlM0QlMjJibG9ja3JhbmRvbSUyMiUyMG5hbWUlM0QlMjJpZnJhbWUlMjIlMjBzcmMlM0QlMjJodHRwcyUzQSUyRiUyRmNvcGFlLmF6dXJld2Vic2l0ZXMubmV0JTJGZWxhYm9yYWRvcmVzJTIyJTIwc2Nyb2xsaW5nJTNEJTIybm8lMjIlMjBjbGFzcyUzRCUyMndyYXBwZXJlbGFib3JhZG9yZXMlMjIlMjB3aWR0aCUzRCUyMjEwMCUyNSUyMiUyMGhlaWdodCUzRCUyMjcwMCUyMiUyMGZyYW1lYm9yZGVyJTNEJTIyMCUyMiUyMGFsaWduJTNEJTIydG9wJTIyJTIwc2Nyb2xsaW5nJTNEJTIyeWVzJTIyJTNFJTBBJTA5RXN0YSUyMG9wY2klQzMlQjNuJTIwbm8lMjB0cmFiYWphcmElMjBjb3JyZWN0YW1lbnRlLiUyMERlc2Fmb3J0dW5hZGFtZW50ZSUyMHN1JTIwbmF2ZWdhZG9yJTIwbm8lMjBzb3BvcnRhJTIwSW5saW5lJTIwRnJhbWVzJTNDJTJGaWZyYW1lJTNFJTBB[\/vc_raw_html][\/vc_column_inner][\/vc_row_inner][\/vc_column][\/vc_row][vc_row][vc_column parallax=&#8221;content-moving&#8221; parallax_image=&#8221;18017&#8243;][vc_empty_space height=&#8221;100px&#8221;][vc_raw_html]JTNDcCUyMGNsYXNzJTNEJTIyZnJhc2VfbmF0dXJhbGV6YSUyMiUyMHN0eWxlJTNEJTIydGV4dC1hbGlnbiUzQSUyMGNlbnRlciUzQiUyMiUzRUxhJTIwbmF0dXJhbGV6YSUyMG51biUyMHllJTIwdW4lMjBsbHVnYXIlMjBwYSUyMHZpc2l0YXIuJTNDYnIlM0UlMjBZZSUyN2wlMjBsbGFyLiUzQyUyRnAlM0UlMEElM0NwJTIwY2xhc3MlM0QlMjJhdXRvcl9uYXR1cmFsZXphJTIyJTIwc3R5bGUlM0QlMjJ0ZXh0LWFsaWduJTNBJTIwY2VudGVyJTNCJTIyJTNFR2FyeSUyMFNoZXJtYW4lMjBTbnlkZXIlMkMlMjBwb2V0YSUyMHklMjBhY3RpdmlzdGElMjBlc3RhZG91bmlkZW5zZS4lM0MlMkZwJTNF[\/vc_raw_html][vc_empty_space height=&#8221;100px&#8221;][\/vc_column][\/vc_row][vc_row][vc_column][vc_empty_space height=&#8221;100px&#8221;][\/vc_column][\/vc_row]<\/p>\n","protected":false},"excerpt":{"rendered":"<p>[vc_row][vc_column][vc_column_text] Directoriu Rexistro d&#8217;Operadores de Producci\u00f3n Ecol\u00f3xica d&#8217;Asturies Gu\u00eda d&#8217;operadores, actividaes y productos certificaos [\/vc_column_text][vc_empty_space height=&#8221;50px&#8221;][vc_row_inner content_width=&#8221;grid&#8221; content_aligment=&#8221;center&#8221; el_class=&#8221;directorio&#8221;][vc_column_inner width=&#8221;1\/12&#8243;][\/vc_column_inner][vc_column_inner width=&#8221;1\/6&#8243;][\/vc_column_inner][vc_column_inner el_class=&#8221;activo&#8221; width=&#8221;1\/6&#8243;][\/vc_column_inner][vc_column_inner width=&#8221;1\/6&#8243;][\/vc_column_inner][vc_column_inner width=&#8221;1\/6&#8243;][\/vc_column_inner][vc_column_inner width=&#8221;1\/6&#8243;][\/vc_column_inner][vc_column_inner width=&#8221;1\/12&#8243;][\/vc_column_inner][\/vc_row_inner][vc_row_inner content_width=&#8221;grid&#8221; el_class=&#8221;una_columna&#8221;][vc_column_inner el_id=&#8221;directorio&#8221;][vc_empty_space height=&#8221;50px&#8221;][vc_column_text]Puede realizar consultes de los operadores pol productu, lo mesmo que de l&#8217;activid\u00e1 certificada, y\u00e1 s\u00eda d&#8217;ellaboraci\u00f3n o de distribuci\u00f3n. Faciendo clic nel c\u00f3digu del&#8230;<\/p>\n","protected":false},"author":1,"featured_media":0,"parent":0,"menu_order":0,"comment_status":"closed","ping_status":"closed","template":"full-width.php","meta":[],"_links":{"self":[{"href":"https:\/\/www.copaeastur.org\/as\/wp-json\/wp\/v2\/pages\/18299"}],"collection":[{"href":"https:\/\/www.copaeastur.org\/as\/wp-json\/wp\/v2\/pages"}],"about":[{"href":"https:\/\/www.copaeastur.org\/as\/wp-json\/wp\/v2\/types\/page"}],"author":[{"embeddable":true,"href":"https:\/\/www.copaeastur.org\/as\/wp-json\/wp\/v2\/users\/1"}],"replies":[{"embeddable":true,"href":"https:\/\/www.copaeastur.org\/as\/wp-json\/wp\/v2\/comments?post=18299"}],"version-history":[{"count":14,"href":"https:\/\/www.copaeastur.org\/as\/wp-json\/wp\/v2\/pages\/18299\/revisions"}],"predecessor-version":[{"id":18762,"href":"https:\/\/www.copaeastur.org\/as\/wp-json\/wp\/v2\/pages\/18299\/revisions\/18762"}],"wp:attachment":[{"href":"https:\/\/www.copaeastur.org\/as\/wp-json\/wp\/v2\/media?parent=18299"}],"curies":[{"name":"wp","href":"https:\/\/api.w.org\/{rel}","templated":true}]}}