{"id":18291,"date":"2018-11-22T16:58:23","date_gmt":"2018-11-22T16:58:23","guid":{"rendered":"http:\/\/copae.thinkaweb.com\/productores\/"},"modified":"2019-11-04T15:48:45","modified_gmt":"2019-11-04T15:48:45","slug":"productores","status":"publish","type":"page","link":"https:\/\/www.copaeastur.org\/as\/productores\/","title":{"rendered":"Productores"},"content":{"rendered":"<p>[vc_row][vc_column][vc_column_text]<\/p>\n<h1 style=\"text-align: center;\">Directoriu<\/h1>\n<h3 style=\"text-align: center;\">Rexistro d&#8217;Operadores de Producci\u00f3n Ecol\u00f3xica d&#8217;Asturies<\/h3>\n<h3 style=\"text-align: center;\">Gu\u00eda d&#8217;operadores, actividaes y productos certificaos<\/h3>\n<p>[\/vc_column_text][vc_empty_space height=&#8221;50px&#8221;][vc_row_inner content_width=&#8221;grid&#8221; content_aligment=&#8221;center&#8221; el_class=&#8221;directorio&#8221;][vc_column_inner width=&#8221;1\/12&#8243;][\/vc_column_inner][vc_column_inner el_class=&#8221;activo&#8221; width=&#8221;1\/6&#8243;]\n<div class=\"edgtf-image-with-text\">\n\t<div class=\"edgtf-image-with-text-image-inner\">\n\t\t\t\t\t<div class=\"edgtf-image-with-text-image\">\n\t\t\t\t<img width=\"150\" height=\"150\" src=\"https:\/\/www.copaeastur.org\/wp-content\/uploads\/2019\/05\/FOTO-15-1-1.jpg\" class=\"attachment-full size-full\" alt=\"\" decoding=\"async\" loading=\"lazy\" \/>\t\t\t<\/div>\n\t\t\t<div class=\"edgtf-image-with-text-image-overlay\">\n\t\t\t\t\t\t\t<\/div>\n\n\t\t\t<\/div>\n\t<div class=\"edgtf-image-with-text-info\">\n\t\t\t\t\t\t\t\t<span class=\"edgtf-image-with-text-text\">\n\t\t\t\tProductores\t\t\t<\/span>\n\t\t\t\t\t\t<\/div>\n<\/div>[\/vc_column_inner][vc_column_inner width=&#8221;1\/6&#8243;]\n<div class=\"edgtf-image-with-text\">\n\t<div class=\"edgtf-image-with-text-image-inner\">\n\t\t\t\t\t<div class=\"edgtf-image-with-text-image\">\n\t\t\t\t<img width=\"150\" height=\"150\" src=\"https:\/\/www.copaeastur.org\/wp-content\/uploads\/2019\/05\/FOTO-16-.jpg\" class=\"attachment-full size-full\" alt=\"\" decoding=\"async\" loading=\"lazy\" \/>\t\t\t<\/div>\n\t\t\t<div class=\"edgtf-image-with-text-image-overlay\">\n\t\t\t\t\t\t\t\t\t<a href=\"\/as\/ellaboradores\/#directorio\" target=\"_blank\" class=\"edgtf-image-with-text-link\"><\/a>\n\t\t\t\t\t\t\t<\/div>\n\n\t\t\t<\/div>\n\t<div class=\"edgtf-image-with-text-info\">\n\t\t\t\t\t\t\t\t\t<a href=\"\/as\/ellaboradores\/#directorio\" target=\"_blank\" class=\"edgtf-image-with-text-link\"> \n\t\t\t\t\t\t<span class=\"edgtf-image-with-text-text\">\n\t\t\t\tEllaboradores\t\t\t<\/span>\n\t\t\t\t\t\t\t<\/a>\n\t\t\t\t\t\t<\/div>\n<\/div>[\/vc_column_inner][vc_column_inner width=&#8221;1\/6&#8243;]\n<div class=\"edgtf-image-with-text\">\n\t<div class=\"edgtf-image-with-text-image-inner\">\n\t\t\t\t\t<div class=\"edgtf-image-with-text-image\">\n\t\t\t\t<img width=\"150\" height=\"150\" src=\"https:\/\/www.copaeastur.org\/wp-content\/uploads\/2018\/11\/directorio-comercios.jpg\" class=\"attachment-full size-full\" alt=\"\" decoding=\"async\" loading=\"lazy\" \/>\t\t\t<\/div>\n\t\t\t<div class=\"edgtf-image-with-text-image-overlay\">\n\t\t\t\t\t\t\t\t\t<a href=\"\/as\/comercios\/#directorio\" target=\"_blank\" class=\"edgtf-image-with-text-link\"><\/a>\n\t\t\t\t\t\t\t<\/div>\n\n\t\t\t<\/div>\n\t<div class=\"edgtf-image-with-text-info\">\n\t\t\t\t\t\t\t\t\t<a href=\"\/as\/comercios\/#directorio\" target=\"_blank\" class=\"edgtf-image-with-text-link\"> \n\t\t\t\t\t\t<span class=\"edgtf-image-with-text-text\">\n\t\t\t\tComercios\t\t\t<\/span>\n\t\t\t\t\t\t\t<\/a>\n\t\t\t\t\t\t<\/div>\n<\/div>[\/vc_column_inner][vc_column_inner width=&#8221;1\/6&#8243;]\n<div class=\"edgtf-image-with-text\">\n\t<div class=\"edgtf-image-with-text-image-inner\">\n\t\t\t\t\t<div class=\"edgtf-image-with-text-image\">\n\t\t\t\t<img width=\"150\" height=\"150\" src=\"https:\/\/www.copaeastur.org\/wp-content\/uploads\/2018\/11\/directorio-restaurantes.jpg\" class=\"attachment-full size-full\" alt=\"\" decoding=\"async\" loading=\"lazy\" \/>\t\t\t<\/div>\n\t\t\t<div class=\"edgtf-image-with-text-image-overlay\">\n\t\t\t\t\t\t\t\t\t<a href=\"\/as\/restorantes\/#directorio\" target=\"_blank\" class=\"edgtf-image-with-text-link\"><\/a>\n\t\t\t\t\t\t\t<\/div>\n\n\t\t\t<\/div>\n\t<div class=\"edgtf-image-with-text-info\">\n\t\t\t\t\t\t\t\t\t<a href=\"\/as\/restorantes\/#directorio\" target=\"_blank\" class=\"edgtf-image-with-text-link\"> \n\t\t\t\t\t\t<span class=\"edgtf-image-with-text-text\">\n\t\t\t\tRestorantes\t\t\t<\/span>\n\t\t\t\t\t\t\t<\/a>\n\t\t\t\t\t\t<\/div>\n<\/div>[\/vc_column_inner][vc_column_inner width=&#8221;1\/6&#8243;]\n<div class=\"edgtf-image-with-text\">\n\t<div class=\"edgtf-image-with-text-image-inner\">\n\t\t\t\t\t<div class=\"edgtf-image-with-text-image\">\n\t\t\t\t<img width=\"150\" height=\"150\" src=\"https:\/\/www.copaeastur.org\/wp-content\/uploads\/2018\/11\/directorio-turismo.jpg\" class=\"attachment-full size-full\" alt=\"\" decoding=\"async\" loading=\"lazy\" \/>\t\t\t<\/div>\n\t\t\t<div class=\"edgtf-image-with-text-image-overlay\">\n\t\t\t\t\t\t\t\t\t<a href=\"\/as\/turismu\/#directorio\" target=\"_blank\" class=\"edgtf-image-with-text-link\"><\/a>\n\t\t\t\t\t\t\t<\/div>\n\n\t\t\t<\/div>\n\t<div class=\"edgtf-image-with-text-info\">\n\t\t\t\t\t\t\t\t\t<a href=\"\/as\/turismu\/#directorio\" target=\"_blank\" class=\"edgtf-image-with-text-link\"> \n\t\t\t\t\t\t<span class=\"edgtf-image-with-text-text\">\n\t\t\t\tTurismu\t\t\t<\/span>\n\t\t\t\t\t\t\t<\/a>\n\t\t\t\t\t\t<\/div>\n<\/div>[\/vc_column_inner][vc_column_inner width=&#8221;1\/12&#8243;][\/vc_column_inner][\/vc_row_inner][vc_row_inner content_width=&#8221;grid&#8221; el_class=&#8221;una_columna&#8221;][vc_column_inner el_id=&#8221;directorio&#8221;][vc_empty_space height=&#8221;50px&#8221;][vc_column_text]Puede realizar \u00a0consultes de el productores pol tipu de superficie o de gan\u00e1u, o directamente pol productu final que-y interese. Coles mesmes puede realizar la consulta por conceyos. Pulsiando nel c\u00f3digu del operador puede consultar los datos de contactu y les producciones de cada productor.[\/vc_column_text][vc_empty_space height=&#8221;50px&#8221;][vc_raw_html el_id=&#8221;directorio_1&#8243;]JTNDaWZyYW1lJTIwb25sb2FkJTNEJTIyaUZyYW1lSGVpZ2h0JTI4JTI5JTIyJTIwaWQlM0QlMjJibG9ja3JhbmRvbSUyMiUyMG5hbWUlM0QlMjJpZnJhbWUlMjIlMjBzcmMlM0QlMjJodHRwcyUzQSUyRiUyRmNvcGFlLmF6dXJld2Vic2l0ZXMubmV0JTJGcHJvZHVjdG9yZXMlMjIlMjBzY3JvbGxpbmclM0QlMjJubyUyMiUyMGNsYXNzJTNEJTIyd3JhcHBlcnByb2R1Y3RvcmVzJTIyJTIwd2lkdGglM0QlMjIxMDAlMjUlMjIlMjBoZWlnaHQlM0QlMjI3MDAlMjIlMjBmcmFtZWJvcmRlciUzRCUyMjAlMjIlMjBhbGlnbiUzRCUyMnRvcCUyMiUzRSUwQSUwOUVzdGElMjBvcGNpJUMzJUIzbiUyMG5vJTIwdHJhYmFqYXJhJTIwY29ycmVjdGFtZW50ZS4lMjBEZXNhZm9ydHVuYWRhbWVudGUlMjBzdSUyMG5hdmVnYWRvciUyMG5vJTIwc29wb3J0YSUyMElubGluZSUyMEZyYW1lcyUzQyUyRmlmcmFtZSUzRSUwQQ==[\/vc_raw_html][\/vc_column_inner][\/vc_row_inner][\/vc_column][\/vc_row][vc_row][vc_column parallax=&#8221;content-moving-fade&#8221; parallax_image=&#8221;18017&#8243;][vc_empty_space height=&#8221;100px&#8221;][vc_raw_html]JTNDcCUyMGNsYXNzJTNEJTIyZnJhc2VfbmF0dXJhbGV6YSUyMiUyMHN0eWxlJTNEJTIydGV4dC1hbGlnbiUzQSUyMGNlbnRlciUzQiUyMiUzRUxhJTIwbmF0dXJhbGV6YSUyMG51biUyMHllJTIwdW4lMjBsbHVnYXIlMjBwYSUyMHZpc2l0YXIuJTNDYnIlM0UlMjBZZSUyN2wlMjBsbGFyLiUzQyUyRnAlM0UlMEElM0NwJTIwY2xhc3MlM0QlMjJhdXRvcl9uYXR1cmFsZXphJTIyJTIwc3R5bGUlM0QlMjJ0ZXh0LWFsaWduJTNBJTIwY2VudGVyJTNCJTIyJTNFR2FyeSUyMFNoZXJtYW4lMjBTbnlkZXIlMkMlMjBwb2V0YSUyMHklMjBhY3RpdmlzdGElMjBlc3RhZG91bmlkZW5zZS4lM0MlMkZwJTNF[\/vc_raw_html][vc_empty_space height=&#8221;100px&#8221;][\/vc_column][\/vc_row][vc_row][vc_column][vc_empty_space height=&#8221;50px&#8221;][\/vc_column][\/vc_row]<\/p>\n","protected":false},"excerpt":{"rendered":"<p>[vc_row][vc_column][vc_column_text] Directoriu Rexistro d&#8217;Operadores de Producci\u00f3n Ecol\u00f3xica d&#8217;Asturies Gu\u00eda d&#8217;operadores, actividaes y productos certificaos [\/vc_column_text][vc_empty_space height=&#8221;50px&#8221;][vc_row_inner content_width=&#8221;grid&#8221; content_aligment=&#8221;center&#8221; el_class=&#8221;directorio&#8221;][vc_column_inner width=&#8221;1\/12&#8243;][\/vc_column_inner][vc_column_inner el_class=&#8221;activo&#8221; width=&#8221;1\/6&#8243;][\/vc_column_inner][vc_column_inner width=&#8221;1\/6&#8243;][\/vc_column_inner][vc_column_inner width=&#8221;1\/6&#8243;][\/vc_column_inner][vc_column_inner width=&#8221;1\/6&#8243;][\/vc_column_inner][vc_column_inner width=&#8221;1\/6&#8243;][\/vc_column_inner][vc_column_inner width=&#8221;1\/12&#8243;][\/vc_column_inner][\/vc_row_inner][vc_row_inner content_width=&#8221;grid&#8221; el_class=&#8221;una_columna&#8221;][vc_column_inner el_id=&#8221;directorio&#8221;][vc_empty_space height=&#8221;50px&#8221;][vc_column_text]Puede realizar \u00a0consultes de el productores pol tipu de superficie o de gan\u00e1u, o directamente pol productu final que-y interese. Coles mesmes puede realizar la&#8230;<\/p>\n","protected":false},"author":1,"featured_media":0,"parent":0,"menu_order":0,"comment_status":"closed","ping_status":"closed","template":"full-width.php","meta":[],"_links":{"self":[{"href":"https:\/\/www.copaeastur.org\/as\/wp-json\/wp\/v2\/pages\/18291"}],"collection":[{"href":"https:\/\/www.copaeastur.org\/as\/wp-json\/wp\/v2\/pages"}],"about":[{"href":"https:\/\/www.copaeastur.org\/as\/wp-json\/wp\/v2\/types\/page"}],"author":[{"embeddable":true,"href":"https:\/\/www.copaeastur.org\/as\/wp-json\/wp\/v2\/users\/1"}],"replies":[{"embeddable":true,"href":"https:\/\/www.copaeastur.org\/as\/wp-json\/wp\/v2\/comments?post=18291"}],"version-history":[{"count":9,"href":"https:\/\/www.copaeastur.org\/as\/wp-json\/wp\/v2\/pages\/18291\/revisions"}],"predecessor-version":[{"id":18761,"href":"https:\/\/www.copaeastur.org\/as\/wp-json\/wp\/v2\/pages\/18291\/revisions\/18761"}],"wp:attachment":[{"href":"https:\/\/www.copaeastur.org\/as\/wp-json\/wp\/v2\/media?parent=18291"}],"curies":[{"name":"wp","href":"https:\/\/api.w.org\/{rel}","templated":true}]}}