{"id":18251,"date":"2018-11-22T12:46:47","date_gmt":"2018-11-22T12:46:47","guid":{"rendered":"http:\/\/copae.thinkaweb.com\/produccion-ecologica\/"},"modified":"2019-08-23T08:13:47","modified_gmt":"2019-08-23T08:13:47","slug":"produccion-ecoloxica","status":"publish","type":"page","link":"https:\/\/www.copaeastur.org\/as\/produccion-ecoloxica\/","title":{"rendered":"Producci\u00f3n ecol\u00f3xica"},"content":{"rendered":"<p>[vc_row][vc_column][vc_column_text]<\/p>\n<h1 style=\"text-align: center;\">Producci\u00f3n ecol\u00f3xica<\/h1>\n<p>[\/vc_column_text][vc_empty_space height=&#8221;50px&#8221;][vc_row_inner content_width=&#8221;grid&#8221; el_class=&#8221;dos_columnas&#8221;][vc_column_inner width=&#8221;1\/2&#8243;][vc_column_text]<\/p>\n<h3>Definici\u00f3n<\/h3>\n<p>El Reglamentu (UE) 2018\/848 del Parlamentu Europ\u00e9u y del Conseyu de 30 de mayu de 2018 sobro producci\u00f3n ecol\u00f3xica y etiquet\u00e1u de los productos ecol\u00f3xicos y pol que se deroga&#8217;l Reglamentu (CE) 834\/2007 del Conseyu, define la producci\u00f3n ecol\u00f3xica asina:<\/p>\n<p>&nbsp;<\/p>\n<p>\u201cLa producci\u00f3n ecol\u00f3xica ye un sistema xeneral de xesti\u00f3n agr\u00edcola y producci\u00f3n d&#8217;alimentos que combina les meyores pr\u00e1ctiques en materia de mediu ambiente y clima, un elev\u00e1u nivel de biodiversid\u00e1, el caltenimientu de los recursos naturales y l&#8217;aplicaci\u00f3n de normes esixentes sobro bienestar animal y sobro producci\u00f3n que respuenden a la demanda, espresada por un creciente n\u00famberu de consumidores, de productos llograos a partir de sustancies y procesos naturales.<\/p>\n<p>Con \u00e9ses la producci\u00f3n ecol\u00f3xica desempe\u00f1a un papel social doble suministrando, per un sitiu, un merc\u00e1u espec\u00edficu que respuende a una demanda de productos ecol\u00f3xicos per parte de los consumidores y, por otru, apurriendo al p\u00fablicu bienes que contrib\u00fain a la protecci\u00f3n del mediu ambiente, al bienestar animal y al desenvolvimientu rural\u201d.[\/vc_column_text][vc_empty_space height=&#8221;50px&#8221;][\/vc_column_inner][vc_column_inner width=&#8221;1\/2&#8243;][vc_single_image image=&#8221;17851&#8243; img_size=&#8221;full&#8221; alignment=&#8221;center&#8221;][vc_empty_space height=&#8221;50px&#8221;][\/vc_column_inner][\/vc_row_inner][\/vc_column][\/vc_row][vc_row css=&#8221;.vc_custom_1542891014921{background-color: #f2f3f4 !important;}&#8221;][vc_column][vc_empty_space height=&#8221;80px&#8221;][vc_column_text]<\/p>\n<h2 style=\"text-align: center;\">La producci\u00f3n ecol\u00f3xica n&#8217;Asturies<\/h2>\n<p>[\/vc_column_text][vc_empty_space height=&#8221;50px&#8221;][vc_row_inner content_width=&#8221;grid&#8221; el_class=&#8221;dos_columnas&#8221;][vc_column_inner width=&#8221;1\/2&#8243;][vc_column_text]<\/p>\n<h3>Un entornu ideal pa la producci\u00f3n ecol\u00f3xica<\/h3>\n<p>N&#8217;Asturies esisten unes condiciones naturales escepcionales pa la producci\u00f3n ecol\u00f3xica. Les camperes h\u00famedes y de monte entemec\u00edos cola superficie forestal ocupen la mayor parte de la superficie de la rex\u00f3n. Tenemos clima, agua, suelu y biodiversid\u00e1.<\/p>\n<p>&nbsp;<\/p>\n<p>Les variedaes locales de cultivos y les races aut\u00f3ctones tami\u00e9n xueguen un papel fundamental pal desenvolvimientu de la producci\u00f3n ecol\u00f3xica, pola so adaptaci\u00f3n al mediu y la resistencia a enfermedaes.[\/vc_column_text][vc_empty_space height=&#8221;50px&#8221;][\/vc_column_inner][vc_column_inner width=&#8221;1\/2&#8243;][vc_single_image image=&#8221;17263&#8243; img_size=&#8221;full&#8221; alignment=&#8221;center&#8221;][vc_empty_space height=&#8221;50px&#8221;][\/vc_column_inner][\/vc_row_inner][vc_row_inner content_width=&#8221;grid&#8221; el_class=&#8221;dos_columnas&#8221; el_id=&#8221;agricultura&#8221;][vc_column_inner width=&#8221;1\/2&#8243;][vc_single_image image=&#8221;17988&#8243; img_size=&#8221;full&#8221; alignment=&#8221;center&#8221;][vc_empty_space height=&#8221;50px&#8221;][\/vc_column_inner][vc_column_inner width=&#8221;1\/2&#8243;][vc_column_text]<\/p>\n<h3>Agricultura<\/h3>\n<p>La mayor parte de la superficie agr\u00edcola cultivada n&#8217;Asturies son <strong>pumaraes<\/strong> de variedaes locales, coles que s&#8217;ellabora zumu y sidre.<\/p>\n<p>&nbsp;<\/p>\n<p>Otros cultivos importantes son <strong>l&#8217;ar\u00e1ndanu<\/strong> y otros pequenos frutos, el <strong>quivi<\/strong> y otres variedaes de fruta. El clima tami\u00e9n ye ideal pa dellos frutos secos como la <strong>casta\u00f1a, la nuez o l&#8217;ablana<\/strong>.<\/p>\n<p>&nbsp;<\/p>\n<p>En hort\u00edcultura predominen les pequenes producciones con gran diversid\u00e1 de cultivos. Dalgunos de los cultivos tradicionales con variedaes locales son la <strong>faba<\/strong> y la <strong>escanda<\/strong>.[\/vc_column_text][vc_empty_space height=&#8221;50px&#8221;][\/vc_column_inner][\/vc_row_inner][vc_row_inner content_width=&#8221;grid&#8221; el_class=&#8221;dos_columnas&#8221; el_id=&#8221;ganaderia&#8221;][vc_column_inner width=&#8221;1\/2&#8243;][vc_column_text]<\/p>\n<h3>Ganader\u00eda<\/h3>\n<p>Asturies ye una rex\u00f3n eminentemente ganadera, onde se calti\u00e9n un manexu tradicional vencey\u00e1u al aprovechamientu de la campera y el forraxe de la mesma caser\u00eda. Esto dexa que&#8217;l pasu a la producci\u00f3n ecol\u00f3xica s\u00eda menos complic\u00e1u que cuando se trata de producciones m\u00e1s intensives.<\/p>\n<p>&nbsp;<\/p>\n<p>El mayor n\u00famberu de ganader\u00edes son de vacunu de carne, de les races aut\u00f3ctones Asturiana de Los Valles o Carre\u00f1ana y Asturiana del Monte o Casina. La mayor\u00eda de les ganader\u00edes ecol\u00f3xiques t\u00e1n acoy\u00edes al Conseyu Regulador de la IGP Xata Asturiana.[\/vc_column_text][vc_empty_space height=&#8221;50px&#8221;][\/vc_column_inner][vc_column_inner width=&#8221;1\/2&#8243;][vc_single_image image=&#8221;17854&#8243; img_size=&#8221;full&#8221; alignment=&#8221;center&#8221;][vc_empty_space height=&#8221;50px&#8221;][\/vc_column_inner][\/vc_row_inner][vc_row_inner content_width=&#8221;grid&#8221; el_class=&#8221;dos_columnas&#8221;][vc_column_inner width=&#8221;1\/2&#8243;][vc_single_image image=&#8221;17857&#8243; img_size=&#8221;full&#8221; alignment=&#8221;center&#8221;][vc_empty_space height=&#8221;50px&#8221;][\/vc_column_inner][vc_column_inner width=&#8221;1\/2&#8243;][vc_column_text]El <strong>vacunu de lleche<\/strong> ye otra de les actividaes m\u00e1s importantes y con gran potencial en producci\u00f3n ecol\u00f3xica n&#8217;Asturies. La raza principal ye la frisona, anque tami\u00e9n hai otres races m\u00e1s r\u00fastiques y afeches al llendar pastoril.<\/p>\n<p>&nbsp;<\/p>\n<p><strong>N&#8217;ov\u00edn y caprino<\/strong> el n\u00famberu de ganader\u00edes ye inferior. En producci\u00f3n ecol\u00f3xica t\u00e1n dalgunos de los reba\u00f1os m\u00e1s importantes de les races aut\u00f3ctones asturianes en peligru d&#8217;estinci\u00f3n, la Oveya Xalda y la Cabra Bermeya.<\/p>\n<p>&nbsp;<\/p>\n<p>Al igual que pasa en t\u00e9rminos xenerales n&#8217;Asturies, en producci\u00f3n ecol\u00f3xica ye menor el n\u00famberu de ganader\u00edes como <strong>l&#8217;equ\u00edn<\/strong>, y hai poques <strong>d&#8217;aves de corrolada y de porc\u00edn<\/strong>.[\/vc_column_text][vc_empty_space height=&#8221;50px&#8221;][\/vc_column_inner][\/vc_row_inner][vc_row_inner content_width=&#8221;grid&#8221; el_class=&#8221;dos_columnas&#8221;][vc_column_inner width=&#8221;1\/2&#8243;][vc_column_text]<\/p>\n<h3>Apicultura<\/h3>\n<p>Asturies ye un <strong>para\u00edsu pa les abeyes<\/strong> gracies a la diversid\u00e1 d&#8217;alimentu qu&#8217;atopen na vexetaci\u00f3n montesa, los montes, les camperes, y los cultivos tradicionales, como la pumarada.<\/p>\n<p>&nbsp;<\/p>\n<p>Prod\u00facense <strong>distintos tipos de mieles<\/strong> n&#8217;Asturies, am\u00e1s de les milflores hai mieles monoflorales d&#8217;ocalitu, casta\u00f1al, brezu, carbayu\u2026[\/vc_column_text][vc_empty_space height=&#8221;50px&#8221;][\/vc_column_inner][vc_column_inner width=&#8221;1\/2&#8243;][vc_single_image image=&#8221;17860&#8243; img_size=&#8221;full&#8221; alignment=&#8221;center&#8221;][vc_empty_space height=&#8221;50px&#8221;][\/vc_column_inner][\/vc_row_inner][vc_row_inner content_width=&#8221;grid&#8221; el_class=&#8221;dos_columnas&#8221;][vc_column_inner width=&#8221;1\/2&#8243;][vc_single_image image=&#8221;17708&#8243; img_size=&#8221;full&#8221; alignment=&#8221;center&#8221;][vc_empty_space height=&#8221;50px&#8221;][\/vc_column_inner][vc_column_inner width=&#8221;1\/2&#8243;][vc_column_text]<\/p>\n<h3>Acuicultura y algues<\/h3>\n<p>La normativa de producci\u00f3n ecol\u00f3xica incl\u00fai tanto la <strong>acuiculturacomo&#8217;l cultivu<\/strong> y <strong>recueyu d&#8217;algues marines<\/strong>.<\/p>\n<p>&nbsp;<\/p>\n<p>La escelente calid\u00e1 de les ag\u00fces de los r\u00edos asturianos y del Mar Cant\u00e1bricu dexen la producci\u00f3n ecol\u00f3xica de <strong>trucha<\/strong>, el cultivu <strong>d&#8217;ostra<\/strong>, y el cultivu y recueyu de distintes especies <strong>d&#8217;algues<\/strong>.[\/vc_column_text][vc_empty_space height=&#8221;50px&#8221;][\/vc_column_inner][\/vc_row_inner][vc_row_inner content_width=&#8221;grid&#8221; el_class=&#8221;dos_columnas&#8221; el_id=&#8221;alimentos&#8221;][vc_column_inner width=&#8221;1\/2&#8243;][vc_column_text]<\/p>\n<h3>Alimentos Ellaboraos<\/h3>\n<p>Cada vez esiste mayor varied\u00e1 d&#8217;alimentos ecol\u00f3xicos que s&#8217;ellaboren n&#8217;Asturies. Nel rexistru d&#8217;ellaboradores del COPAE hai dende <strong>pequenes empreses artesanes a grandes industries agroalimentarias.<\/strong> Delles actividaes t\u00e1n bien venceyaes a la producci\u00f3n primaria, y al merc\u00e1u local, por aciu canales curties de comercializaci\u00f3n, ente qu&#8217;otres industries trabayen con mayores cantidaes y abren m\u00e1s merc\u00e1u nel esterior.<\/p>\n<p>&nbsp;<\/p>\n<p>Nes <strong>actividaes industriales<\/strong> rellacionaes cola producci\u00f3n d&#8217;orixe vexetal hai un n\u00famberu elev\u00e1u de productos, dende <strong>conserves vexetales, zumos, sidre<\/strong> o productos de <strong>panader\u00eda<\/strong> hasta los <strong>piensos pal gan\u00e1u<\/strong>.<\/p>\n<p>&nbsp;<\/p>\n<p>Nos <strong>productos d&#8217;orixe animal<\/strong> destaquen les <strong>industries c\u00e1rnicas y ll\u00e1ctees<\/strong>, per delantre d&#8217;otros productos como&#8217;l <strong>miel, g\u00fcevos<\/strong>, o les <strong>conserves de pexe<\/strong>.[\/vc_column_text][vc_empty_space height=&#8221;50px&#8221;][\/vc_column_inner][vc_column_inner width=&#8221;1\/2&#8243;][vc_single_image image=&#8221;17992&#8243; img_size=&#8221;full&#8221; alignment=&#8221;center&#8221;][vc_empty_space height=&#8221;50px&#8221;][\/vc_column_inner][\/vc_row_inner][vc_empty_space height=&#8221;100px&#8221;][\/vc_column][\/vc_row]<\/p>\n","protected":false},"excerpt":{"rendered":"<p>[vc_row][vc_column][vc_column_text] Producci\u00f3n ecol\u00f3xica [\/vc_column_text][vc_empty_space height=&#8221;50px&#8221;][vc_row_inner content_width=&#8221;grid&#8221; el_class=&#8221;dos_columnas&#8221;][vc_column_inner width=&#8221;1\/2&#8243;][vc_column_text] Definici\u00f3n El Reglamentu (UE) 2018\/848 del Parlamentu Europ\u00e9u y del Conseyu de 30 de mayu de 2018 sobro producci\u00f3n ecol\u00f3xica y etiquet\u00e1u de los productos ecol\u00f3xicos y pol que se deroga&#8217;l Reglamentu (CE) 834\/2007 del Conseyu, define la producci\u00f3n ecol\u00f3xica asina: &nbsp; \u201cLa producci\u00f3n ecol\u00f3xica ye un&#8230;<\/p>\n","protected":false},"author":1,"featured_media":0,"parent":0,"menu_order":0,"comment_status":"closed","ping_status":"closed","template":"full-width.php","meta":[],"_links":{"self":[{"href":"https:\/\/www.copaeastur.org\/as\/wp-json\/wp\/v2\/pages\/18251"}],"collection":[{"href":"https:\/\/www.copaeastur.org\/as\/wp-json\/wp\/v2\/pages"}],"about":[{"href":"https:\/\/www.copaeastur.org\/as\/wp-json\/wp\/v2\/types\/page"}],"author":[{"embeddable":true,"href":"https:\/\/www.copaeastur.org\/as\/wp-json\/wp\/v2\/users\/1"}],"replies":[{"embeddable":true,"href":"https:\/\/www.copaeastur.org\/as\/wp-json\/wp\/v2\/comments?post=18251"}],"version-history":[{"count":4,"href":"https:\/\/www.copaeastur.org\/as\/wp-json\/wp\/v2\/pages\/18251\/revisions"}],"predecessor-version":[{"id":18536,"href":"https:\/\/www.copaeastur.org\/as\/wp-json\/wp\/v2\/pages\/18251\/revisions\/18536"}],"wp:attachment":[{"href":"https:\/\/www.copaeastur.org\/as\/wp-json\/wp\/v2\/media?parent=18251"}],"curies":[{"name":"wp","href":"https:\/\/api.w.org\/{rel}","templated":true}]}}