{"id":18246,"date":"2018-11-22T09:45:50","date_gmt":"2018-11-22T09:45:50","guid":{"rendered":"http:\/\/copae.thinkaweb.com\/copae\/"},"modified":"2021-03-16T14:38:07","modified_gmt":"2021-03-16T14:38:07","slug":"copae","status":"publish","type":"page","link":"https:\/\/www.copaeastur.org\/as\/copae\/","title":{"rendered":"COPAE"},"content":{"rendered":"<p>[vc_row][vc_column][vc_column_text]<\/p>\n<h1 style=\"text-align: center;\">\u00bfQui\u00e9n Somos?<\/h1>\n<p>[\/vc_column_text][vc_empty_space height=&#8221;50px&#8221;][vc_row_inner content_width=&#8221;grid&#8221; el_class=&#8221;dos_columnas&#8221;][vc_column_inner width=&#8221;1\/2&#8243;][vc_column_text]<\/p>\n<h3>Conseyu de la Producci\u00f3n Agraria Ecol\u00f3xica del Princip\u00e1u d&#8217;Asturies (COPAE)<\/h3>\n<p>El <strong>Conseyu de la Producci\u00f3n Agraria Ecol\u00f3xica del Princip\u00e1u d&#8217;Asturies (COPAE)<\/strong> ye una entid\u00e1 de xesti\u00f3n creada pola Conseyer\u00eda competente en materia agrario, pa conferi-y la funci\u00f3n de realizar el control oficial de la producci\u00f3n ecol\u00f3xica.<\/p>\n<p>&nbsp;<\/p>\n<p>&nbsp;<\/p>\n<p>[\/vc_column_text][vc_empty_space height=&#8221;50px&#8221;][\/vc_column_inner][vc_column_inner width=&#8221;1\/2&#8243;][vc_single_image image=&#8221;17211&#8243; img_size=&#8221;full&#8221; alignment=&#8221;center&#8221;][vc_empty_space height=&#8221;50px&#8221;][\/vc_column_inner][\/vc_row_inner][vc_row_inner content_width=&#8221;grid&#8221; el_class=&#8221;dos_columnas&#8221;][vc_column_inner width=&#8221;1\/2&#8243;][vc_single_image image=&#8221;17212&#8243; img_size=&#8221;full&#8221; alignment=&#8221;center&#8221;][vc_empty_space height=&#8221;50px&#8221;][\/vc_column_inner][vc_column_inner width=&#8221;1\/2&#8243;][vc_column_text]<\/p>\n<h3>Organigrama (COPAE)<\/h3>\n<p>L&#8217;\u00f3rganu de gobiernu del COPAE ye&#8217;l Plenu del Conseyu, nel que t\u00e1n representaos productores, ellaboradores, consumidores y l&#8217;alministraci\u00f3n del Princip\u00e1u d&#8217;Asturies.<\/p>\n<p>&nbsp;<\/p>\n<p>El so funcionamientu regulase por aciu d&#8217;un Reglamentu de R\u00e9xime Internu, aprob\u00e1u pol Plenu del Conseyu.<\/p>\n<p>&nbsp;<\/p>\n<p><a href=\"\/wp-content\/uploads\/2018\/12\/reglamento-regimen-interno.pdf\" target=\"_blank\" rel=\"noopener noreferrer\"><i class=\"fa fa-file-pdf-o\" aria-hidden=\"true\"><\/i> Reglamentu internu <\/a>[\/vc_column_text][vc_empty_space height=&#8221;100px&#8221;][\/vc_column_inner][\/vc_row_inner][\/vc_column][\/vc_row][vc_row css=&#8221;.vc_custom_1542885407553{background-color: #d7eabf !important;}&#8221;][vc_column][vc_empty_space height=&#8221;80px&#8221;][vc_column_text]<\/p>\n<h2 style=\"text-align: center;\">Funciones del COPAE<\/h2>\n<p>[\/vc_column_text][vc_empty_space height=&#8221;50px&#8221;][vc_row_inner content_width=&#8221;grid&#8221; el_class=&#8221;dos_columnas&#8221;][vc_column_inner width=&#8221;1\/2&#8243;][vc_column_text]<\/p>\n<h3>La funci\u00f3n principal del COPAE ye&#8217;l control y la certificaci\u00f3n de la producci\u00f3n ecol\u00f3xica<\/h3>\n<p>Pero tami\u00e9n tien asignaes otres funciones p\u00fabliques, como la xesti\u00f3n del rexistru d&#8217;operadores ecol\u00f3xicos, velar pol cumplimientu de les normes de producci\u00f3n ecol\u00f3xica, <strong>promover<\/strong> el consumu d&#8217;alimentos ecol\u00f3xicos y realizar l&#8217;espardimientu y la <strong>conocencia<\/strong> de los sistemes de producci\u00f3n ecol\u00f3xica.[\/vc_column_text][vc_empty_space height=&#8221;50px&#8221;][\/vc_column_inner][vc_column_inner width=&#8221;1\/2&#8243;][vc_single_image image=&#8221;17689&#8243; img_size=&#8221;full&#8221; alignment=&#8221;center&#8221;][\/vc_column_inner][\/vc_row_inner][vc_empty_space height=&#8221;100px&#8221;][\/vc_column][\/vc_row][vc_row][vc_column][vc_empty_space height=&#8221;80px&#8221;][vc_column_text]<\/p>\n<h2 style=\"text-align: center;\">Rexistros<\/h2>\n<p>[\/vc_column_text][vc_empty_space height=&#8221;50px&#8221;][vc_row_inner content_width=&#8221;grid&#8221; el_class=&#8221;una_columna&#8221;][vc_column_inner][vc_column_text]El COPAE controla les normes de producci\u00f3n ecol\u00f3xica en toles fases de producci\u00f3n, tresformamientu y comercializaci\u00f3n de productos ecol\u00f3xicos. Por ello, el COPAE ye&#8217;l responsable de xestionar los siguientes rexistros d&#8217;operadores:[\/vc_column_text][\/vc_column_inner][\/vc_row_inner][vc_empty_space height=&#8221;50px&#8221;][vc_row_inner content_width=&#8221;grid&#8221; el_class=&#8221;tres_columnas&#8221;][vc_column_inner width=&#8221;1\/3&#8243;][vc_single_image image=&#8221;17244&#8243; img_size=&#8221;full&#8221; alignment=&#8221;center&#8221;][vc_column_text]<\/p>\n<h3>Productores<\/h3>\n<p>Pa les producciones agr\u00edcoles, ganaderes o d&#8217;acuicultura.[\/vc_column_text][vc_empty_space height=&#8221;50px&#8221;][\/vc_column_inner][vc_column_inner width=&#8221;1\/3&#8243;][vc_single_image image=&#8221;17242&#8243; img_size=&#8221;full&#8221; alignment=&#8221;center&#8221;][vc_column_text]<\/p>\n<h3>Ellaboradores<\/h3>\n<p>Pa les empreses que procesen, tresformen o distrib\u00fain.[\/vc_column_text][vc_empty_space height=&#8221;50px&#8221;][\/vc_column_inner][vc_column_inner width=&#8221;1\/3&#8243;][vc_single_image image=&#8221;17243&#8243; img_size=&#8221;full&#8221; alignment=&#8221;center&#8221;][vc_column_text]<\/p>\n<h3>Importadores<\/h3>\n<p>Pa l&#8217;activid\u00e1 d&#8217;importaci\u00f3n de pa\u00edses terceros.[\/vc_column_text][vc_empty_space height=&#8221;50px&#8221;][\/vc_column_inner][\/vc_row_inner][vc_row_inner content_width=&#8221;grid&#8221; el_class=&#8221;tres_columnas&#8221;][vc_column_inner width=&#8221;1\/3&#8243;][vc_single_image image=&#8221;17241&#8243; img_size=&#8221;full&#8221; alignment=&#8221;center&#8221;][vc_column_text]<\/p>\n<h3>Comercios minoristes<\/h3>\n<p>P&#8217;aquelles tiendes que manipolien productos ecol\u00f3xicos o realicen la vienta a granel, o de forma fraccionada, al consumidor o usuariu final.[\/vc_column_text][vc_empty_space height=&#8221;50px&#8221;][\/vc_column_inner][vc_column_inner width=&#8221;1\/3&#8243;][vc_single_image image=&#8221;17246&#8243; img_size=&#8221;full&#8221; alignment=&#8221;center&#8221;][vc_column_text]<\/p>\n<h3>Establecimientos de restauraci\u00f3n<\/h3>\n<p>Pa garantizar l&#8217;orixe de los productos ecol\u00f3xicos, el COPAE ufierta la posibilid\u00e1 d&#8217;establecer alcuerdos de collaboraci\u00f3n coles empreses de restauraci\u00f3n colectiva y crea un nuevu rexistru pal control de restoranes o empreses de restauraci\u00f3n colectiva qu&#8217;ellaboren men\u00faes o platos con ingredientes ecol\u00f3xicos.[\/vc_column_text][vc_empty_space height=&#8221;50px&#8221;][\/vc_column_inner][vc_column_inner width=&#8221;1\/3&#8243;][vc_single_image image=&#8221;17245&#8243; img_size=&#8221;full&#8221; alignment=&#8221;center&#8221;][vc_column_text]<\/p>\n<h3>REGOE<\/h3>\n<p>A nivel nacional, esiste un rexistru xeneral d&#8217;operadores ecol\u00f3xicos (REGOE), que puede consultase na p\u00e1xina web del Ministeriu d&#8217;Agricultura.<\/p>\n<p>&nbsp;<\/p>\n<p><a href=\"https:\/\/www.mapa.gob.es\/es\/alimentacion\/temas\/produccion-ecologica\/registro-general-operadores-agricultura-ecologica\/\" target=\"_blank\" rel=\"noopener noreferrer\"><i class=\"fa fa-eye\" aria-hidden=\"true\"><\/i> Accesu al REGOE<\/a>[\/vc_column_text][vc_empty_space height=&#8221;50px&#8221;][\/vc_column_inner][\/vc_row_inner][vc_empty_space height=&#8221;100px&#8221;][\/vc_column][\/vc_row][vc_row css=&#8221;.vc_custom_1542886368190{background-color: #e5e8ea !important;}&#8221;][vc_column][vc_empty_space height=&#8221;80px&#8221;][vc_column_text]<\/p>\n<h2 style=\"text-align: center;\">Estad\u00edstiques<\/h2>\n<p>[\/vc_column_text][vc_empty_space height=&#8221;50px&#8221;][vc_row_inner content_width=&#8221;grid&#8221; el_class=&#8221;dos_columnas&#8221;][vc_column_inner width=&#8221;1\/2&#8243;][vc_column_text]<\/p>\n<h3>Resultaos en cifres<\/h3>\n<p>El COPAE estrayi a\u00f1almente los datos de la producci\u00f3n ecol\u00f3xica. La informaci\u00f3n incl\u00fai&#8217;l n\u00famberu d&#8217;operadores por actividaes, la superficie inscrita por cultivos, les producciones ganaderes o los tipos d&#8217;industries, ente otros.<\/p>\n<p>&nbsp;<\/p>\n<p>Puede consultar les estad\u00edstiques dende l&#8217;a\u00f1u 2001, tanto d&#8217;Asturies como del restu de comunidaes d&#8217;Espa\u00f1a, na p\u00e1xina web del Ministeriu d&#8217;Agricultura Pesca y Alimentaci\u00f3n.<\/p>\n<p>&nbsp;<\/p>\n<p><i class=\"fa fa-eye\" aria-hidden=\"true\"><\/i> <a href=\"https:\/\/www.mapa.gob.es\/es\/alimentacion\/temas\/produccion-eco\/\">Ver estad\u00edstiques<\/a><\/p>\n<p>&nbsp;<\/p>\n<p>Am\u00e1s, el COPAE publica los mapes de distribuci\u00f3n de la producci\u00f3n ecol\u00f3xica n&#8217;Asturies, por conceyos<\/p>\n<p>&nbsp;<\/p>\n<p>[\/vc_column_text][vc_empty_space height=&#8221;50px&#8221;][\/vc_column_inner][vc_column_inner width=&#8221;1\/2&#8243;][vc_single_image image=&#8221;17925&#8243; img_size=&#8221;full&#8221; alignment=&#8221;center&#8221;][\/vc_column_inner][\/vc_row_inner][vc_empty_space height=&#8221;100px&#8221;][\/vc_column][\/vc_row][vc_row][vc_column][vc_empty_space height=&#8221;80px&#8221;][vc_column_text]<\/p>\n<h2 style=\"text-align: center;\">Cuotes<\/h2>\n<p>[\/vc_column_text][vc_empty_space height=&#8221;50px&#8221;][vc_row_inner content_width=&#8221;grid&#8221; el_class=&#8221;dos_columnas&#8221;][vc_column_inner width=&#8221;1\/2&#8243;][vc_single_image image=&#8221;17928&#8243; img_size=&#8221;full&#8221; alignment=&#8221;center&#8221;][vc_empty_space height=&#8221;50px&#8221;][\/vc_column_inner][vc_column_inner width=&#8221;1\/2&#8243;][vc_column_text]<\/p>\n<h3>Con calter p\u00fablicu y ensin \u00e1nimu d&#8217;arriquecimientu<\/h3>\n<p>Una de les obligaciones qu&#8217;establez la normativa europea de producci\u00f3n ecol\u00f3xica ye la contribuci\u00f3n de los operadores a los costos de control. Por ello, el COPAE establez <strong>distintes cuotes d&#8217;inscripci\u00f3n y caltenimientu nos rexistros<\/strong>, seg\u00fan cada tipu d&#8217;operadores y actividaes certificaes.<\/p>\n<p>&nbsp;<\/p>\n<p>El COPAE ye una entid\u00e1 de xesti\u00f3n <strong>con calter p\u00fablicu y ensin \u00e1nimu d&#8217;arriquecimientu<\/strong>. Los ingresos procedentes de les tases de los operadores dest\u00ednense a <strong>financiar parte de los gastos de control y de funcionamientu, y parte de los gastos de promoci\u00f3n de la producci\u00f3n ecol\u00f3xica<\/strong>.<\/p>\n<p>&nbsp;<\/p>\n<p>Al tratase de funciones p\u00fabliques confer\u00edes pola alministraci\u00f3n, el COPAE tami\u00e9n <strong>se financia por aciu d&#8217;ayudes de la Conseyer\u00eda competente en materia agrario.<\/strong><\/p>\n<p>&nbsp;<\/p>\n<p><i class=\"fa fa-file-pdf-o\" aria-hidden=\"true\"><\/i> <a href=\"https:\/\/www.copaeastur.org\/wp-content\/uploads\/2020\/07\/Cuotas-COPAE-2020-1.pdf\" target=\"_blank\" rel=\"noopener noreferrer\">Cuotes del COPAE en 2020<\/a>[\/vc_column_text][\/vc_column_inner][\/vc_row_inner][vc_empty_space height=&#8221;100px&#8221;][\/vc_column][\/vc_row][vc_row css=&#8221;.vc_custom_1542886368190{background-color: #e5e8ea !important;}&#8221;][vc_column][vc_empty_space height=&#8221;80px&#8221;][vc_column_text]<\/p>\n<h2 style=\"text-align: center;\">Normativa<\/h2>\n<p>[\/vc_column_text][vc_empty_space height=&#8221;50px&#8221;][vc_row_inner content_width=&#8221;grid&#8221; el_class=&#8221;dos_columnas&#8221;][vc_column_inner width=&#8221;1\/2&#8243;][vc_column_text]<strong>La producci\u00f3n ecol\u00f3xica regulase a nivel europ\u00e9u.<\/strong>. Puede consultase tola lexislaci\u00f3n actualizada sobro la producci\u00f3n ecol\u00f3xica, tantu nacional como europea, na p\u00e1xina web del Ministeriu d&#8217;Agricultura.<\/p>\n<p>&nbsp;<\/p>\n<p><a href=\"https:\/\/www.mapa.gob.es\/es\/alimentacion\/temas\/produccion-eco\/legislacion-directrices\/default.aspx\">Consultar normativa europea y nacional<\/a><\/p>\n<p>&nbsp;<\/p>\n<p><strong>N&#8217;Asturies<\/strong>, los documentos normativos son los siguientes:<\/p>\n<p>&nbsp;<\/p>\n<p><a href=\"\/wp-content\/uploads\/2018\/12\/81_2004.pdf\" target=\"_blank\" rel=\"noopener noreferrer\"><i class=\"fa fa-eye\" aria-hidden=\"true\"><\/i> Decretu 81\/2004 de 21 d&#8217;ochobre, sobro la producci\u00f3n agraria ecol\u00f3xica y la so indicaci\u00f3n nos productos agrariu y alimenticiu, nel \u00e1mbitu del Princip\u00e1u d&#8217;Asturies<\/a><\/p>\n<p>&nbsp;<\/p>\n<p><a href=\"\/wp-content\/uploads\/2018\/12\/reglamento-regimen-interno.pdf\" target=\"_blank\" rel=\"noopener noreferrer\"><i class=\"fa fa-file-pdf-o\" aria-hidden=\"true\"><\/i> Reglamentu internu del COPAE<\/a><br \/>\n<a href=\"\/wp-content\/uploads\/2018\/12\/c_incumplimiento.pdf\" target=\"_blank\" rel=\"noopener noreferrer\"><i class=\"fa fa-file-pdf-o\" aria-hidden=\"true\"><\/i> Cat\u00e1logu d&#8217;incumplimientos y mid\u00edes na producci\u00f3n ecol\u00f3xica<\/a><br \/>\n<a href=\"#\"><i class=\"fa fa-file-pdf-o\" aria-hidden=\"true\"><\/i> Resolvimientu sobro la exenci\u00f3n de determinaos comercios minoristes<\/a>[\/vc_column_text][vc_empty_space height=&#8221;50px&#8221;][\/vc_column_inner][vc_column_inner width=&#8221;1\/2&#8243;][vc_single_image image=&#8221;17932&#8243; img_size=&#8221;full&#8221; alignment=&#8221;center&#8221;][\/vc_column_inner][\/vc_row_inner][vc_empty_space height=&#8221;100px&#8221;][\/vc_column][\/vc_row]<\/p>\n","protected":false},"excerpt":{"rendered":"<p>[vc_row][vc_column][vc_column_text] \u00bfQui\u00e9n Somos? [\/vc_column_text][vc_empty_space height=&#8221;50px&#8221;][vc_row_inner content_width=&#8221;grid&#8221; el_class=&#8221;dos_columnas&#8221;][vc_column_inner width=&#8221;1\/2&#8243;][vc_column_text] Conseyu de la Producci\u00f3n Agraria Ecol\u00f3xica del Princip\u00e1u d&#8217;Asturies (COPAE) El Conseyu de la Producci\u00f3n Agraria Ecol\u00f3xica del Princip\u00e1u d&#8217;Asturies (COPAE) ye una entid\u00e1 de xesti\u00f3n creada pola Conseyer\u00eda competente en materia agrario, pa conferi-y la funci\u00f3n de realizar el control oficial de la producci\u00f3n ecol\u00f3xica. &nbsp;&#8230;<\/p>\n","protected":false},"author":1,"featured_media":0,"parent":0,"menu_order":0,"comment_status":"closed","ping_status":"closed","template":"full-width.php","meta":[],"_links":{"self":[{"href":"https:\/\/www.copaeastur.org\/as\/wp-json\/wp\/v2\/pages\/18246"}],"collection":[{"href":"https:\/\/www.copaeastur.org\/as\/wp-json\/wp\/v2\/pages"}],"about":[{"href":"https:\/\/www.copaeastur.org\/as\/wp-json\/wp\/v2\/types\/page"}],"author":[{"embeddable":true,"href":"https:\/\/www.copaeastur.org\/as\/wp-json\/wp\/v2\/users\/1"}],"replies":[{"embeddable":true,"href":"https:\/\/www.copaeastur.org\/as\/wp-json\/wp\/v2\/comments?post=18246"}],"version-history":[{"count":11,"href":"https:\/\/www.copaeastur.org\/as\/wp-json\/wp\/v2\/pages\/18246\/revisions"}],"predecessor-version":[{"id":19318,"href":"https:\/\/www.copaeastur.org\/as\/wp-json\/wp\/v2\/pages\/18246\/revisions\/19318"}],"wp:attachment":[{"href":"https:\/\/www.copaeastur.org\/as\/wp-json\/wp\/v2\/media?parent=18246"}],"curies":[{"name":"wp","href":"https:\/\/api.w.org\/{rel}","templated":true}]}}